{"id":932,"date":"2024-11-18T18:26:53","date_gmt":"2024-11-18T18:26:53","guid":{"rendered":"https:\/\/skingourmet.com\/?post_type=product&#038;p=932"},"modified":"2025-12-06T19:41:53","modified_gmt":"2025-12-06T19:41:53","slug":"gourmet-preserving-spoon","status":"publish","type":"product","link":"https:\/\/skingourmet.com\/fr\/produit\/gourmet-preserving-spoon\/","title":{"rendered":"Cuill\u00e8re de conservation Gourmet"},"excerpt":{"rendered":"<p><b>Gourmet Wild <\/b><\/p>\n<p><b>Bol de noix de coco<\/b><\/p>\n<p>Adoptez le luxe de la durabilit\u00e9 dans tous les aspects de votre vie ! Qu'il s'agisse de pr\u00e9parer un masque nourrissant pour le visage ou de servir vos en-cas sains pr\u00e9f\u00e9r\u00e9s.<\/p>","protected":false},"featured_media":931,"comment_status":"open","ping_status":"closed","template":"","meta":{"_acf_changed":false},"product_brand":[],"product_cat":[20],"product_tag":[],"class_list":{"0":"post-932","1":"product","2":"type-product","3":"status-publish","4":"has-post-thumbnail","6":"product_cat-extra","8":"first","9":"instock","10":"taxable","11":"shipping-taxable","12":"purchasable","13":"product-type-simple"},"acf":[],"yoast_head":"<!-- This site is optimized with the Yoast SEO plugin v27.2 - https:\/\/yoast.com\/product\/yoast-seo-wordpress\/ -->\n<title>Gourmet Preserving Spoon - Skin Gourmet<\/title>\n<meta name=\"robots\" content=\"index, follow, max-snippet:-1, max-image-preview:large, max-video-preview:-1\" \/>\n<link rel=\"canonical\" href=\"https:\/\/skingourmet.com\/fr\/produit\/gourmet-preserving-spoon\/\" \/>\n<meta property=\"og:locale\" content=\"fr_FR\" \/>\n<meta property=\"og:type\" content=\"article\" \/>\n<meta property=\"og:title\" content=\"Gourmet Preserving Spoon - Skin Gourmet\" \/>\n<meta property=\"og:description\" content=\"Gourmet Wild   Coconut Bowl  Embrace the luxury of sustainability in every aspect of your life! From whipping up a nourishing face mask to serving your favorite healthy snacks.\" \/>\n<meta property=\"og:url\" content=\"https:\/\/skingourmet.com\/fr\/produit\/gourmet-preserving-spoon\/\" \/>\n<meta property=\"og:site_name\" content=\"Skin Gourmet\" \/>\n<meta property=\"article:publisher\" content=\"https:\/\/www.facebook.com\/share\/1BhiN1f7rm\/?mibextid=wwXIfr\" \/>\n<meta property=\"article:modified_time\" content=\"2025-12-06T19:41:53+00:00\" \/>\n<meta property=\"og:image\" content=\"https:\/\/skingourmet.com\/wp-content\/uploads\/2024\/11\/spoon-714x1024.png\" \/>\n\t<meta property=\"og:image:width\" content=\"714\" \/>\n\t<meta property=\"og:image:height\" content=\"1024\" \/>\n\t<meta property=\"og:image:type\" content=\"image\/png\" \/>\n<meta name=\"twitter:card\" content=\"summary_large_image\" \/>\n<meta name=\"twitter:site\" content=\"@skingourmet\" \/>\n<script type=\"application\/ld+json\" class=\"yoast-schema-graph\">{\"@context\":\"https:\/\/schema.org\",\"@graph\":[{\"@type\":\"WebPage\",\"@id\":\"https:\/\/skingourmet.com\/product\/gourmet-preserving-spoon\/\",\"url\":\"https:\/\/skingourmet.com\/product\/gourmet-preserving-spoon\/\",\"name\":\"Gourmet Preserving Spoon - Skin Gourmet\",\"isPartOf\":{\"@id\":\"https:\/\/skingourmet.com\/#website\"},\"primaryImageOfPage\":{\"@id\":\"https:\/\/skingourmet.com\/product\/gourmet-preserving-spoon\/#primaryimage\"},\"image\":{\"@id\":\"https:\/\/skingourmet.com\/product\/gourmet-preserving-spoon\/#primaryimage\"},\"thumbnailUrl\":\"https:\/\/skingourmet.com\/wp-content\/uploads\/2024\/11\/spoon.png\",\"datePublished\":\"2024-11-18T18:26:53+00:00\",\"dateModified\":\"2025-12-06T19:41:53+00:00\",\"breadcrumb\":{\"@id\":\"https:\/\/skingourmet.com\/product\/gourmet-preserving-spoon\/#breadcrumb\"},\"inLanguage\":\"fr-FR\",\"potentialAction\":[{\"@type\":\"ReadAction\",\"target\":[\"https:\/\/skingourmet.com\/product\/gourmet-preserving-spoon\/\"]}]},{\"@type\":\"ImageObject\",\"inLanguage\":\"fr-FR\",\"@id\":\"https:\/\/skingourmet.com\/product\/gourmet-preserving-spoon\/#primaryimage\",\"url\":\"https:\/\/skingourmet.com\/wp-content\/uploads\/2024\/11\/spoon.png\",\"contentUrl\":\"https:\/\/skingourmet.com\/wp-content\/uploads\/2024\/11\/spoon.png\",\"width\":4371,\"height\":6270},{\"@type\":\"BreadcrumbList\",\"@id\":\"https:\/\/skingourmet.com\/product\/gourmet-preserving-spoon\/#breadcrumb\",\"itemListElement\":[{\"@type\":\"ListItem\",\"position\":1,\"name\":\"Home\",\"item\":\"https:\/\/skingourmet.com\/\"},{\"@type\":\"ListItem\",\"position\":2,\"name\":\"Shop\",\"item\":\"https:\/\/skingourmet.com\/shop\/\"},{\"@type\":\"ListItem\",\"position\":3,\"name\":\"Gourmet Preserving Spoon\"}]},{\"@type\":\"WebSite\",\"@id\":\"https:\/\/skingourmet.com\/#website\",\"url\":\"https:\/\/skingourmet.com\/\",\"name\":\"Skin Gourmet\",\"description\":\"Raw Edible Skincare Sourced From The Wild\",\"publisher\":{\"@id\":\"https:\/\/skingourmet.com\/#organization\"},\"potentialAction\":[{\"@type\":\"SearchAction\",\"target\":{\"@type\":\"EntryPoint\",\"urlTemplate\":\"https:\/\/skingourmet.com\/?s={search_term_string}\"},\"query-input\":{\"@type\":\"PropertyValueSpecification\",\"valueRequired\":true,\"valueName\":\"search_term_string\"}}],\"inLanguage\":\"fr-FR\"},{\"@type\":\"Organization\",\"@id\":\"https:\/\/skingourmet.com\/#organization\",\"name\":\"Skin Gourmet\",\"url\":\"https:\/\/skingourmet.com\/\",\"logo\":{\"@type\":\"ImageObject\",\"inLanguage\":\"fr-FR\",\"@id\":\"https:\/\/skingourmet.com\/#\/schema\/logo\/image\/\",\"url\":\"https:\/\/skingourmet.com\/wp-content\/uploads\/2024\/09\/logo.webp\",\"contentUrl\":\"https:\/\/skingourmet.com\/wp-content\/uploads\/2024\/09\/logo.webp\",\"width\":688,\"height\":200,\"caption\":\"Skin Gourmet\"},\"image\":{\"@id\":\"https:\/\/skingourmet.com\/#\/schema\/logo\/image\/\"},\"sameAs\":[\"https:\/\/www.facebook.com\/share\/1BhiN1f7rm\/?mibextid=wwXIfr\",\"https:\/\/x.com\/skingourmet\",\"https:\/\/www.instagram.com\/skingourmetgh\"]}]}<\/script>\n<!-- \/ Yoast SEO plugin. -->","yoast_head_json":{"title":"Gourmet Preserving Spoon - Skin Gourmet","robots":{"index":"index","follow":"follow","max-snippet":"max-snippet:-1","max-image-preview":"max-image-preview:large","max-video-preview":"max-video-preview:-1"},"canonical":"https:\/\/skingourmet.com\/fr\/produit\/gourmet-preserving-spoon\/","og_locale":"fr_FR","og_type":"article","og_title":"Gourmet Preserving Spoon - Skin Gourmet","og_description":"Gourmet Wild   Coconut Bowl  Embrace the luxury of sustainability in every aspect of your life! From whipping up a nourishing face mask to serving your favorite healthy snacks.","og_url":"https:\/\/skingourmet.com\/fr\/produit\/gourmet-preserving-spoon\/","og_site_name":"Skin Gourmet","article_publisher":"https:\/\/www.facebook.com\/share\/1BhiN1f7rm\/?mibextid=wwXIfr","article_modified_time":"2025-12-06T19:41:53+00:00","og_image":[{"width":714,"height":1024,"url":"https:\/\/skingourmet.com\/wp-content\/uploads\/2024\/11\/spoon-714x1024.png","type":"image\/png"}],"twitter_card":"summary_large_image","twitter_site":"@skingourmet","schema":{"@context":"https:\/\/schema.org","@graph":[{"@type":"WebPage","@id":"https:\/\/skingourmet.com\/product\/gourmet-preserving-spoon\/","url":"https:\/\/skingourmet.com\/product\/gourmet-preserving-spoon\/","name":"Gourmet Preserving Spoon - Skin Gourmet","isPartOf":{"@id":"https:\/\/skingourmet.com\/#website"},"primaryImageOfPage":{"@id":"https:\/\/skingourmet.com\/product\/gourmet-preserving-spoon\/#primaryimage"},"image":{"@id":"https:\/\/skingourmet.com\/product\/gourmet-preserving-spoon\/#primaryimage"},"thumbnailUrl":"https:\/\/skingourmet.com\/wp-content\/uploads\/2024\/11\/spoon.png","datePublished":"2024-11-18T18:26:53+00:00","dateModified":"2025-12-06T19:41:53+00:00","breadcrumb":{"@id":"https:\/\/skingourmet.com\/product\/gourmet-preserving-spoon\/#breadcrumb"},"inLanguage":"fr-FR","potentialAction":[{"@type":"ReadAction","target":["https:\/\/skingourmet.com\/product\/gourmet-preserving-spoon\/"]}]},{"@type":"ImageObject","inLanguage":"fr-FR","@id":"https:\/\/skingourmet.com\/product\/gourmet-preserving-spoon\/#primaryimage","url":"https:\/\/skingourmet.com\/wp-content\/uploads\/2024\/11\/spoon.png","contentUrl":"https:\/\/skingourmet.com\/wp-content\/uploads\/2024\/11\/spoon.png","width":4371,"height":6270},{"@type":"BreadcrumbList","@id":"https:\/\/skingourmet.com\/product\/gourmet-preserving-spoon\/#breadcrumb","itemListElement":[{"@type":"ListItem","position":1,"name":"Home","item":"https:\/\/skingourmet.com\/"},{"@type":"ListItem","position":2,"name":"Shop","item":"https:\/\/skingourmet.com\/shop\/"},{"@type":"ListItem","position":3,"name":"Gourmet Preserving Spoon"}]},{"@type":"WebSite","@id":"https:\/\/skingourmet.com\/#website","url":"https:\/\/skingourmet.com\/","name":"Skin Gourmet","description":"Soins de la peau \u00e0 base de produits comestibles bruts provenant de la nature","publisher":{"@id":"https:\/\/skingourmet.com\/#organization"},"potentialAction":[{"@type":"SearchAction","target":{"@type":"EntryPoint","urlTemplate":"https:\/\/skingourmet.com\/?s={search_term_string}"},"query-input":{"@type":"PropertyValueSpecification","valueRequired":true,"valueName":"search_term_string"}}],"inLanguage":"fr-FR"},{"@type":"Organization","@id":"https:\/\/skingourmet.com\/#organization","name":"Skin Gourmet","url":"https:\/\/skingourmet.com\/","logo":{"@type":"ImageObject","inLanguage":"fr-FR","@id":"https:\/\/skingourmet.com\/#\/schema\/logo\/image\/","url":"https:\/\/skingourmet.com\/wp-content\/uploads\/2024\/09\/logo.webp","contentUrl":"https:\/\/skingourmet.com\/wp-content\/uploads\/2024\/09\/logo.webp","width":688,"height":200,"caption":"Skin Gourmet"},"image":{"@id":"https:\/\/skingourmet.com\/#\/schema\/logo\/image\/"},"sameAs":["https:\/\/www.facebook.com\/share\/1BhiN1f7rm\/?mibextid=wwXIfr","https:\/\/x.com\/skingourmet","https:\/\/www.instagram.com\/skingourmetgh"]}]}},"_links":{"self":[{"href":"https:\/\/skingourmet.com\/fr\/wp-json\/wp\/v2\/product\/932","targetHints":{"allow":["GET"]}}],"collection":[{"href":"https:\/\/skingourmet.com\/fr\/wp-json\/wp\/v2\/product"}],"about":[{"href":"https:\/\/skingourmet.com\/fr\/wp-json\/wp\/v2\/types\/product"}],"replies":[{"embeddable":true,"href":"https:\/\/skingourmet.com\/fr\/wp-json\/wp\/v2\/comments?post=932"}],"wp:featuredmedia":[{"embeddable":true,"href":"https:\/\/skingourmet.com\/fr\/wp-json\/wp\/v2\/media\/931"}],"wp:attachment":[{"href":"https:\/\/skingourmet.com\/fr\/wp-json\/wp\/v2\/media?parent=932"}],"wp:term":[{"taxonomy":"product_brand","embeddable":true,"href":"https:\/\/skingourmet.com\/fr\/wp-json\/wp\/v2\/product_brand?post=932"},{"taxonomy":"product_cat","embeddable":true,"href":"https:\/\/skingourmet.com\/fr\/wp-json\/wp\/v2\/product_cat?post=932"},{"taxonomy":"product_tag","embeddable":true,"href":"https:\/\/skingourmet.com\/fr\/wp-json\/wp\/v2\/product_tag?post=932"}],"curies":[{"name":"wp","href":"https:\/\/api.w.org\/{rel}","templated":true}]}}