{"id":1487,"date":"2025-04-23T14:14:05","date_gmt":"2025-04-23T14:14:05","guid":{"rendered":"https:\/\/skingourmet.com\/?post_type=product&#038;p=1487"},"modified":"2025-04-23T16:30:14","modified_gmt":"2025-04-23T16:30:14","slug":"gourmet-chopping-board","status":"publish","type":"product","link":"https:\/\/skingourmet.com\/fr\/produit\/gourmet-chopping-board\/","title":{"rendered":"Planche \u00e0 d\u00e9couper Gourmet"},"excerpt":{"rendered":"<p>Cette planche \u00e0 d\u00e9couper est fabriqu\u00e9e en bois d'afromosia solide et durable. Elle est parfaite pour couper les l\u00e9gumes, les fruits, la viande et le pain. Le bois est naturellement r\u00e9sistant \u00e0 l'humidit\u00e9 et m\u00e9nage les lames de couteau, ce qui le rend id\u00e9al pour une utilisation quotidienne dans la cuisine.<\/p>","protected":false},"featured_media":1500,"comment_status":"open","ping_status":"closed","template":"","meta":{"_acf_changed":false},"product_brand":[],"product_cat":[20],"product_tag":[],"class_list":{"0":"post-1487","1":"product","2":"type-product","3":"status-publish","4":"has-post-thumbnail","6":"product_cat-extra","8":"first","9":"instock","10":"taxable","11":"shipping-taxable","12":"purchasable","13":"product-type-simple"},"acf":[],"yoast_head":"<!-- This site is optimized with the Yoast SEO plugin v27.2 - https:\/\/yoast.com\/product\/yoast-seo-wordpress\/ -->\n<title>Gourmet Chopping Board - Skin Gourmet<\/title>\n<meta name=\"robots\" content=\"index, follow, max-snippet:-1, max-image-preview:large, max-video-preview:-1\" \/>\n<link rel=\"canonical\" href=\"https:\/\/skingourmet.com\/fr\/produit\/gourmet-chopping-board\/\" \/>\n<meta property=\"og:locale\" content=\"fr_FR\" \/>\n<meta property=\"og:type\" content=\"article\" \/>\n<meta property=\"og:title\" content=\"Gourmet Chopping Board - Skin Gourmet\" \/>\n<meta property=\"og:description\" content=\"This chopping board is made from strong and durable Afromosia wood. It&#039;s perfect for cutting vegetables, fruits, meat, and bread. The wood is naturally resistant to moisture and gentle on knife blades, making it ideal for everyday kitchen use\" \/>\n<meta property=\"og:url\" content=\"https:\/\/skingourmet.com\/fr\/produit\/gourmet-chopping-board\/\" \/>\n<meta property=\"og:site_name\" content=\"Skin Gourmet\" \/>\n<meta property=\"article:publisher\" content=\"https:\/\/www.facebook.com\/share\/1BhiN1f7rm\/?mibextid=wwXIfr\" \/>\n<meta property=\"article:modified_time\" content=\"2025-04-23T16:30:14+00:00\" \/>\n<meta property=\"og:image\" content=\"https:\/\/skingourmet.com\/wp-content\/uploads\/2025\/04\/BOARD-1024x683.png\" \/>\n\t<meta property=\"og:image:width\" content=\"1024\" \/>\n\t<meta property=\"og:image:height\" content=\"683\" \/>\n\t<meta property=\"og:image:type\" content=\"image\/png\" \/>\n<meta name=\"twitter:card\" content=\"summary_large_image\" \/>\n<meta name=\"twitter:site\" content=\"@skingourmet\" \/>\n<script type=\"application\/ld+json\" class=\"yoast-schema-graph\">{\"@context\":\"https:\/\/schema.org\",\"@graph\":[{\"@type\":\"WebPage\",\"@id\":\"https:\/\/skingourmet.com\/product\/gourmet-chopping-board\/\",\"url\":\"https:\/\/skingourmet.com\/product\/gourmet-chopping-board\/\",\"name\":\"Gourmet Chopping Board - Skin Gourmet\",\"isPartOf\":{\"@id\":\"https:\/\/skingourmet.com\/#website\"},\"primaryImageOfPage\":{\"@id\":\"https:\/\/skingourmet.com\/product\/gourmet-chopping-board\/#primaryimage\"},\"image\":{\"@id\":\"https:\/\/skingourmet.com\/product\/gourmet-chopping-board\/#primaryimage\"},\"thumbnailUrl\":\"https:\/\/skingourmet.com\/wp-content\/uploads\/2025\/04\/BOARD.png\",\"datePublished\":\"2025-04-23T14:14:05+00:00\",\"dateModified\":\"2025-04-23T16:30:14+00:00\",\"breadcrumb\":{\"@id\":\"https:\/\/skingourmet.com\/product\/gourmet-chopping-board\/#breadcrumb\"},\"inLanguage\":\"fr-FR\",\"potentialAction\":[{\"@type\":\"ReadAction\",\"target\":[\"https:\/\/skingourmet.com\/product\/gourmet-chopping-board\/\"]}]},{\"@type\":\"ImageObject\",\"inLanguage\":\"fr-FR\",\"@id\":\"https:\/\/skingourmet.com\/product\/gourmet-chopping-board\/#primaryimage\",\"url\":\"https:\/\/skingourmet.com\/wp-content\/uploads\/2025\/04\/BOARD.png\",\"contentUrl\":\"https:\/\/skingourmet.com\/wp-content\/uploads\/2025\/04\/BOARD.png\",\"width\":6720,\"height\":4480},{\"@type\":\"BreadcrumbList\",\"@id\":\"https:\/\/skingourmet.com\/product\/gourmet-chopping-board\/#breadcrumb\",\"itemListElement\":[{\"@type\":\"ListItem\",\"position\":1,\"name\":\"Home\",\"item\":\"https:\/\/skingourmet.com\/\"},{\"@type\":\"ListItem\",\"position\":2,\"name\":\"Shop\",\"item\":\"https:\/\/skingourmet.com\/shop\/\"},{\"@type\":\"ListItem\",\"position\":3,\"name\":\"Gourmet Chopping Board\"}]},{\"@type\":\"WebSite\",\"@id\":\"https:\/\/skingourmet.com\/#website\",\"url\":\"https:\/\/skingourmet.com\/\",\"name\":\"Skin Gourmet\",\"description\":\"Raw Edible Skincare Sourced From The Wild\",\"publisher\":{\"@id\":\"https:\/\/skingourmet.com\/#organization\"},\"potentialAction\":[{\"@type\":\"SearchAction\",\"target\":{\"@type\":\"EntryPoint\",\"urlTemplate\":\"https:\/\/skingourmet.com\/?s={search_term_string}\"},\"query-input\":{\"@type\":\"PropertyValueSpecification\",\"valueRequired\":true,\"valueName\":\"search_term_string\"}}],\"inLanguage\":\"fr-FR\"},{\"@type\":\"Organization\",\"@id\":\"https:\/\/skingourmet.com\/#organization\",\"name\":\"Skin Gourmet\",\"url\":\"https:\/\/skingourmet.com\/\",\"logo\":{\"@type\":\"ImageObject\",\"inLanguage\":\"fr-FR\",\"@id\":\"https:\/\/skingourmet.com\/#\/schema\/logo\/image\/\",\"url\":\"https:\/\/skingourmet.com\/wp-content\/uploads\/2024\/09\/logo.webp\",\"contentUrl\":\"https:\/\/skingourmet.com\/wp-content\/uploads\/2024\/09\/logo.webp\",\"width\":688,\"height\":200,\"caption\":\"Skin Gourmet\"},\"image\":{\"@id\":\"https:\/\/skingourmet.com\/#\/schema\/logo\/image\/\"},\"sameAs\":[\"https:\/\/www.facebook.com\/share\/1BhiN1f7rm\/?mibextid=wwXIfr\",\"https:\/\/x.com\/skingourmet\",\"https:\/\/www.instagram.com\/skingourmetgh\"]}]}<\/script>\n<!-- \/ Yoast SEO plugin. -->","yoast_head_json":{"title":"Gourmet Chopping Board - Skin Gourmet","robots":{"index":"index","follow":"follow","max-snippet":"max-snippet:-1","max-image-preview":"max-image-preview:large","max-video-preview":"max-video-preview:-1"},"canonical":"https:\/\/skingourmet.com\/fr\/produit\/gourmet-chopping-board\/","og_locale":"fr_FR","og_type":"article","og_title":"Gourmet Chopping Board - Skin Gourmet","og_description":"This chopping board is made from strong and durable Afromosia wood. It's perfect for cutting vegetables, fruits, meat, and bread. The wood is naturally resistant to moisture and gentle on knife blades, making it ideal for everyday kitchen use","og_url":"https:\/\/skingourmet.com\/fr\/produit\/gourmet-chopping-board\/","og_site_name":"Skin Gourmet","article_publisher":"https:\/\/www.facebook.com\/share\/1BhiN1f7rm\/?mibextid=wwXIfr","article_modified_time":"2025-04-23T16:30:14+00:00","og_image":[{"width":1024,"height":683,"url":"https:\/\/skingourmet.com\/wp-content\/uploads\/2025\/04\/BOARD-1024x683.png","type":"image\/png"}],"twitter_card":"summary_large_image","twitter_site":"@skingourmet","schema":{"@context":"https:\/\/schema.org","@graph":[{"@type":"WebPage","@id":"https:\/\/skingourmet.com\/product\/gourmet-chopping-board\/","url":"https:\/\/skingourmet.com\/product\/gourmet-chopping-board\/","name":"Gourmet Chopping Board - Skin Gourmet","isPartOf":{"@id":"https:\/\/skingourmet.com\/#website"},"primaryImageOfPage":{"@id":"https:\/\/skingourmet.com\/product\/gourmet-chopping-board\/#primaryimage"},"image":{"@id":"https:\/\/skingourmet.com\/product\/gourmet-chopping-board\/#primaryimage"},"thumbnailUrl":"https:\/\/skingourmet.com\/wp-content\/uploads\/2025\/04\/BOARD.png","datePublished":"2025-04-23T14:14:05+00:00","dateModified":"2025-04-23T16:30:14+00:00","breadcrumb":{"@id":"https:\/\/skingourmet.com\/product\/gourmet-chopping-board\/#breadcrumb"},"inLanguage":"fr-FR","potentialAction":[{"@type":"ReadAction","target":["https:\/\/skingourmet.com\/product\/gourmet-chopping-board\/"]}]},{"@type":"ImageObject","inLanguage":"fr-FR","@id":"https:\/\/skingourmet.com\/product\/gourmet-chopping-board\/#primaryimage","url":"https:\/\/skingourmet.com\/wp-content\/uploads\/2025\/04\/BOARD.png","contentUrl":"https:\/\/skingourmet.com\/wp-content\/uploads\/2025\/04\/BOARD.png","width":6720,"height":4480},{"@type":"BreadcrumbList","@id":"https:\/\/skingourmet.com\/product\/gourmet-chopping-board\/#breadcrumb","itemListElement":[{"@type":"ListItem","position":1,"name":"Home","item":"https:\/\/skingourmet.com\/"},{"@type":"ListItem","position":2,"name":"Shop","item":"https:\/\/skingourmet.com\/shop\/"},{"@type":"ListItem","position":3,"name":"Gourmet Chopping Board"}]},{"@type":"WebSite","@id":"https:\/\/skingourmet.com\/#website","url":"https:\/\/skingourmet.com\/","name":"Skin Gourmet","description":"Soins de la peau \u00e0 base de produits comestibles bruts provenant de la nature","publisher":{"@id":"https:\/\/skingourmet.com\/#organization"},"potentialAction":[{"@type":"SearchAction","target":{"@type":"EntryPoint","urlTemplate":"https:\/\/skingourmet.com\/?s={search_term_string}"},"query-input":{"@type":"PropertyValueSpecification","valueRequired":true,"valueName":"search_term_string"}}],"inLanguage":"fr-FR"},{"@type":"Organization","@id":"https:\/\/skingourmet.com\/#organization","name":"Skin Gourmet","url":"https:\/\/skingourmet.com\/","logo":{"@type":"ImageObject","inLanguage":"fr-FR","@id":"https:\/\/skingourmet.com\/#\/schema\/logo\/image\/","url":"https:\/\/skingourmet.com\/wp-content\/uploads\/2024\/09\/logo.webp","contentUrl":"https:\/\/skingourmet.com\/wp-content\/uploads\/2024\/09\/logo.webp","width":688,"height":200,"caption":"Skin Gourmet"},"image":{"@id":"https:\/\/skingourmet.com\/#\/schema\/logo\/image\/"},"sameAs":["https:\/\/www.facebook.com\/share\/1BhiN1f7rm\/?mibextid=wwXIfr","https:\/\/x.com\/skingourmet","https:\/\/www.instagram.com\/skingourmetgh"]}]}},"_links":{"self":[{"href":"https:\/\/skingourmet.com\/fr\/wp-json\/wp\/v2\/product\/1487","targetHints":{"allow":["GET"]}}],"collection":[{"href":"https:\/\/skingourmet.com\/fr\/wp-json\/wp\/v2\/product"}],"about":[{"href":"https:\/\/skingourmet.com\/fr\/wp-json\/wp\/v2\/types\/product"}],"replies":[{"embeddable":true,"href":"https:\/\/skingourmet.com\/fr\/wp-json\/wp\/v2\/comments?post=1487"}],"wp:featuredmedia":[{"embeddable":true,"href":"https:\/\/skingourmet.com\/fr\/wp-json\/wp\/v2\/media\/1500"}],"wp:attachment":[{"href":"https:\/\/skingourmet.com\/fr\/wp-json\/wp\/v2\/media?parent=1487"}],"wp:term":[{"taxonomy":"product_brand","embeddable":true,"href":"https:\/\/skingourmet.com\/fr\/wp-json\/wp\/v2\/product_brand?post=1487"},{"taxonomy":"product_cat","embeddable":true,"href":"https:\/\/skingourmet.com\/fr\/wp-json\/wp\/v2\/product_cat?post=1487"},{"taxonomy":"product_tag","embeddable":true,"href":"https:\/\/skingourmet.com\/fr\/wp-json\/wp\/v2\/product_tag?post=1487"}],"curies":[{"name":"wp","href":"https:\/\/api.w.org\/{rel}","templated":true}]}}