{"id":1214,"date":"2025-01-20T12:21:32","date_gmt":"2025-01-20T12:21:32","guid":{"rendered":"https:\/\/skingourmet.com\/anka-commerce-payment-button-success\/"},"modified":"2025-01-20T12:21:32","modified_gmt":"2025-01-20T12:21:32","slug":"anka-commerce-payment-button-success","status":"publish","type":"page","link":"https:\/\/skingourmet.com\/fr\/anka-commerce-payment-button-success\/","title":{"rendered":"Payment Success"},"content":{"rendered":"<p>Merci pour votre paiement ! Votre transaction a \u00e9t\u00e9 effectu\u00e9e avec succ\u00e8s.<\/p>","protected":false},"excerpt":{"rendered":"<p>Merci pour votre paiement ! Votre transaction a \u00e9t\u00e9 effectu\u00e9e avec succ\u00e8s.<\/p>","protected":false},"author":1,"featured_media":0,"parent":0,"menu_order":0,"comment_status":"closed","ping_status":"closed","template":"","meta":{"_acf_changed":false,"footnotes":""},"class_list":["post-1214","page","type-page","status-publish","hentry"],"acf":[],"yoast_head":"<!-- This site is optimized with the Yoast SEO plugin v27.2 - https:\/\/yoast.com\/product\/yoast-seo-wordpress\/ -->\n<title>Payment Success - Skin Gourmet<\/title>\n<meta name=\"robots\" content=\"index, follow, max-snippet:-1, max-image-preview:large, max-video-preview:-1\" \/>\n<link rel=\"canonical\" href=\"https:\/\/skingourmet.com\/fr\/anka-commerce-payment-button-success\/\" \/>\n<meta property=\"og:locale\" content=\"fr_FR\" \/>\n<meta property=\"og:type\" content=\"article\" \/>\n<meta property=\"og:title\" content=\"Payment Success - Skin Gourmet\" \/>\n<meta property=\"og:description\" content=\"Thank you for your payment! Your transaction was successful.\" \/>\n<meta property=\"og:url\" content=\"https:\/\/skingourmet.com\/fr\/anka-commerce-payment-button-success\/\" \/>\n<meta property=\"og:site_name\" content=\"Skin Gourmet\" \/>\n<meta property=\"article:publisher\" content=\"https:\/\/www.facebook.com\/share\/1BhiN1f7rm\/?mibextid=wwXIfr\" \/>\n<meta name=\"twitter:card\" content=\"summary_large_image\" \/>\n<meta name=\"twitter:site\" content=\"@skingourmet\" \/>\n<script type=\"application\/ld+json\" class=\"yoast-schema-graph\">{\"@context\":\"https:\/\/schema.org\",\"@graph\":[{\"@type\":\"WebPage\",\"@id\":\"https:\/\/skingourmet.com\/anka-commerce-payment-button-success\/\",\"url\":\"https:\/\/skingourmet.com\/anka-commerce-payment-button-success\/\",\"name\":\"Payment Success - Skin Gourmet\",\"isPartOf\":{\"@id\":\"https:\/\/skingourmet.com\/#website\"},\"datePublished\":\"2025-01-20T12:21:32+00:00\",\"breadcrumb\":{\"@id\":\"https:\/\/skingourmet.com\/anka-commerce-payment-button-success\/#breadcrumb\"},\"inLanguage\":\"fr-FR\",\"potentialAction\":[{\"@type\":\"ReadAction\",\"target\":[\"https:\/\/skingourmet.com\/anka-commerce-payment-button-success\/\"]}]},{\"@type\":\"BreadcrumbList\",\"@id\":\"https:\/\/skingourmet.com\/anka-commerce-payment-button-success\/#breadcrumb\",\"itemListElement\":[{\"@type\":\"ListItem\",\"position\":1,\"name\":\"Home\",\"item\":\"https:\/\/skingourmet.com\/\"},{\"@type\":\"ListItem\",\"position\":2,\"name\":\"Payment Success\"}]},{\"@type\":\"WebSite\",\"@id\":\"https:\/\/skingourmet.com\/#website\",\"url\":\"https:\/\/skingourmet.com\/\",\"name\":\"Skin Gourmet\",\"description\":\"Raw Edible Skincare Sourced From The Wild\",\"publisher\":{\"@id\":\"https:\/\/skingourmet.com\/#organization\"},\"potentialAction\":[{\"@type\":\"SearchAction\",\"target\":{\"@type\":\"EntryPoint\",\"urlTemplate\":\"https:\/\/skingourmet.com\/?s={search_term_string}\"},\"query-input\":{\"@type\":\"PropertyValueSpecification\",\"valueRequired\":true,\"valueName\":\"search_term_string\"}}],\"inLanguage\":\"fr-FR\"},{\"@type\":\"Organization\",\"@id\":\"https:\/\/skingourmet.com\/#organization\",\"name\":\"Skin Gourmet\",\"url\":\"https:\/\/skingourmet.com\/\",\"logo\":{\"@type\":\"ImageObject\",\"inLanguage\":\"fr-FR\",\"@id\":\"https:\/\/skingourmet.com\/#\/schema\/logo\/image\/\",\"url\":\"https:\/\/skingourmet.com\/wp-content\/uploads\/2024\/09\/logo.webp\",\"contentUrl\":\"https:\/\/skingourmet.com\/wp-content\/uploads\/2024\/09\/logo.webp\",\"width\":688,\"height\":200,\"caption\":\"Skin Gourmet\"},\"image\":{\"@id\":\"https:\/\/skingourmet.com\/#\/schema\/logo\/image\/\"},\"sameAs\":[\"https:\/\/www.facebook.com\/share\/1BhiN1f7rm\/?mibextid=wwXIfr\",\"https:\/\/x.com\/skingourmet\",\"https:\/\/www.instagram.com\/skingourmetgh\"]}]}<\/script>\n<!-- \/ Yoast SEO plugin. -->","yoast_head_json":{"title":"Payment Success - Skin Gourmet","robots":{"index":"index","follow":"follow","max-snippet":"max-snippet:-1","max-image-preview":"max-image-preview:large","max-video-preview":"max-video-preview:-1"},"canonical":"https:\/\/skingourmet.com\/fr\/anka-commerce-payment-button-success\/","og_locale":"fr_FR","og_type":"article","og_title":"Payment Success - Skin Gourmet","og_description":"Thank you for your payment! Your transaction was successful.","og_url":"https:\/\/skingourmet.com\/fr\/anka-commerce-payment-button-success\/","og_site_name":"Skin Gourmet","article_publisher":"https:\/\/www.facebook.com\/share\/1BhiN1f7rm\/?mibextid=wwXIfr","twitter_card":"summary_large_image","twitter_site":"@skingourmet","schema":{"@context":"https:\/\/schema.org","@graph":[{"@type":"WebPage","@id":"https:\/\/skingourmet.com\/anka-commerce-payment-button-success\/","url":"https:\/\/skingourmet.com\/anka-commerce-payment-button-success\/","name":"Payment Success - Skin Gourmet","isPartOf":{"@id":"https:\/\/skingourmet.com\/#website"},"datePublished":"2025-01-20T12:21:32+00:00","breadcrumb":{"@id":"https:\/\/skingourmet.com\/anka-commerce-payment-button-success\/#breadcrumb"},"inLanguage":"fr-FR","potentialAction":[{"@type":"ReadAction","target":["https:\/\/skingourmet.com\/anka-commerce-payment-button-success\/"]}]},{"@type":"BreadcrumbList","@id":"https:\/\/skingourmet.com\/anka-commerce-payment-button-success\/#breadcrumb","itemListElement":[{"@type":"ListItem","position":1,"name":"Home","item":"https:\/\/skingourmet.com\/"},{"@type":"ListItem","position":2,"name":"Payment Success"}]},{"@type":"WebSite","@id":"https:\/\/skingourmet.com\/#website","url":"https:\/\/skingourmet.com\/","name":"Skin Gourmet","description":"Soins de la peau \u00e0 base de produits comestibles bruts provenant de la nature","publisher":{"@id":"https:\/\/skingourmet.com\/#organization"},"potentialAction":[{"@type":"SearchAction","target":{"@type":"EntryPoint","urlTemplate":"https:\/\/skingourmet.com\/?s={search_term_string}"},"query-input":{"@type":"PropertyValueSpecification","valueRequired":true,"valueName":"search_term_string"}}],"inLanguage":"fr-FR"},{"@type":"Organization","@id":"https:\/\/skingourmet.com\/#organization","name":"Skin Gourmet","url":"https:\/\/skingourmet.com\/","logo":{"@type":"ImageObject","inLanguage":"fr-FR","@id":"https:\/\/skingourmet.com\/#\/schema\/logo\/image\/","url":"https:\/\/skingourmet.com\/wp-content\/uploads\/2024\/09\/logo.webp","contentUrl":"https:\/\/skingourmet.com\/wp-content\/uploads\/2024\/09\/logo.webp","width":688,"height":200,"caption":"Skin Gourmet"},"image":{"@id":"https:\/\/skingourmet.com\/#\/schema\/logo\/image\/"},"sameAs":["https:\/\/www.facebook.com\/share\/1BhiN1f7rm\/?mibextid=wwXIfr","https:\/\/x.com\/skingourmet","https:\/\/www.instagram.com\/skingourmetgh"]}]}},"_links":{"self":[{"href":"https:\/\/skingourmet.com\/fr\/wp-json\/wp\/v2\/pages\/1214","targetHints":{"allow":["GET"]}}],"collection":[{"href":"https:\/\/skingourmet.com\/fr\/wp-json\/wp\/v2\/pages"}],"about":[{"href":"https:\/\/skingourmet.com\/fr\/wp-json\/wp\/v2\/types\/page"}],"author":[{"embeddable":true,"href":"https:\/\/skingourmet.com\/fr\/wp-json\/wp\/v2\/users\/1"}],"replies":[{"embeddable":true,"href":"https:\/\/skingourmet.com\/fr\/wp-json\/wp\/v2\/comments?post=1214"}],"version-history":[{"count":0,"href":"https:\/\/skingourmet.com\/fr\/wp-json\/wp\/v2\/pages\/1214\/revisions"}],"wp:attachment":[{"href":"https:\/\/skingourmet.com\/fr\/wp-json\/wp\/v2\/media?parent=1214"}],"curies":[{"name":"wp","href":"https:\/\/api.w.org\/{rel}","templated":true}]}}