{"id":1497,"date":"2025-04-23T15:19:51","date_gmt":"2025-04-23T15:19:51","guid":{"rendered":"https:\/\/skingourmet.com\/?post_type=product&#038;p=1497"},"modified":"2025-04-23T16:57:50","modified_gmt":"2025-04-23T16:57:50","slug":"gourmet-wooden-box","status":"publish","type":"product","link":"https:\/\/skingourmet.com\/es\/producto\/gourmet-wooden-box\/","title":{"rendered":"Caja de madera Gourmet"},"excerpt":{"rendered":"<p>La madera de afromosia es una madera dura, resistente y duradera, perfecta para fabricar cajas robustas. Su resistencia natural al desgaste, las plagas y la humedad garantiza su longevidad, mientras que su atractivo color marr\u00f3n dorado a\u00f1ade un toque de estilo. Ideal para interiores y exteriores, la afromosia es una opci\u00f3n fiable para la construcci\u00f3n de cajas.<\/p>\n<p>Afromosia es una opci\u00f3n vers\u00e1til y ecol\u00f3gica para crear cajas resistentes y fiables que combinan funcionalidad y atractivo est\u00e9tico.<\/p>","protected":false},"featured_media":1505,"comment_status":"open","ping_status":"closed","template":"","meta":{"_acf_changed":false},"product_brand":[],"product_cat":[20],"product_tag":[],"class_list":{"0":"post-1497","1":"product","2":"type-product","3":"status-publish","4":"has-post-thumbnail","6":"product_cat-extra","8":"first","9":"instock","10":"taxable","11":"shipping-taxable","12":"purchasable","13":"product-type-simple"},"acf":[],"yoast_head":"<!-- This site is optimized with the Yoast SEO plugin v27.2 - https:\/\/yoast.com\/product\/yoast-seo-wordpress\/ -->\n<title>Gourmet Wooden Box - Skin Gourmet<\/title>\n<meta name=\"robots\" content=\"index, follow, max-snippet:-1, max-image-preview:large, max-video-preview:-1\" \/>\n<link rel=\"canonical\" href=\"https:\/\/skingourmet.com\/es\/producto\/gourmet-wooden-box\/\" \/>\n<meta property=\"og:locale\" content=\"es_ES\" \/>\n<meta property=\"og:type\" content=\"article\" \/>\n<meta property=\"og:title\" content=\"Gourmet Wooden Box - Skin Gourmet\" \/>\n<meta property=\"og:description\" content=\"Afromosia wood is a strong and durable hardwood, perfect for making sturdy crates. It&#039;s natural resistance to wear, pests, and moisture ensures longevity, while it&#039;s attractive golden-brown color adds a touch of style. Ideal for both indoor and outdoor use, Afromosia is a reliable choice for crate construction  Afromosia is a versatile and eco-friendly option for creating sturdy, reliable crates that combine functionality with aesthetic appeal.\" \/>\n<meta property=\"og:url\" content=\"https:\/\/skingourmet.com\/es\/producto\/gourmet-wooden-box\/\" \/>\n<meta property=\"og:site_name\" content=\"Skin Gourmet\" \/>\n<meta property=\"article:publisher\" content=\"https:\/\/www.facebook.com\/share\/1BhiN1f7rm\/?mibextid=wwXIfr\" \/>\n<meta property=\"article:modified_time\" content=\"2025-04-23T16:57:50+00:00\" \/>\n<meta property=\"og:image\" content=\"https:\/\/skingourmet.com\/wp-content\/uploads\/2025\/04\/BOX-11-1024x683.png\" \/>\n\t<meta property=\"og:image:width\" content=\"1024\" \/>\n\t<meta property=\"og:image:height\" content=\"683\" \/>\n\t<meta property=\"og:image:type\" content=\"image\/png\" \/>\n<meta name=\"twitter:card\" content=\"summary_large_image\" \/>\n<meta name=\"twitter:site\" content=\"@skingourmet\" \/>\n<script type=\"application\/ld+json\" class=\"yoast-schema-graph\">{\"@context\":\"https:\/\/schema.org\",\"@graph\":[{\"@type\":\"WebPage\",\"@id\":\"https:\/\/skingourmet.com\/es\/producto\/gourmet-wooden-box\/\",\"url\":\"https:\/\/skingourmet.com\/es\/producto\/gourmet-wooden-box\/\",\"name\":\"Gourmet Wooden Box - Skin Gourmet\",\"isPartOf\":{\"@id\":\"https:\/\/skingourmet.com\/#website\"},\"primaryImageOfPage\":{\"@id\":\"https:\/\/skingourmet.com\/es\/producto\/gourmet-wooden-box\/#primaryimage\"},\"image\":{\"@id\":\"https:\/\/skingourmet.com\/es\/producto\/gourmet-wooden-box\/#primaryimage\"},\"thumbnailUrl\":\"https:\/\/skingourmet.com\/wp-content\/uploads\/2025\/04\/BOX-11.png\",\"datePublished\":\"2025-04-23T15:19:51+00:00\",\"dateModified\":\"2025-04-23T16:57:50+00:00\",\"breadcrumb\":{\"@id\":\"https:\/\/skingourmet.com\/es\/producto\/gourmet-wooden-box\/#breadcrumb\"},\"inLanguage\":\"es\",\"potentialAction\":[{\"@type\":\"ReadAction\",\"target\":[\"https:\/\/skingourmet.com\/es\/producto\/gourmet-wooden-box\/\"]}]},{\"@type\":\"ImageObject\",\"inLanguage\":\"es\",\"@id\":\"https:\/\/skingourmet.com\/es\/producto\/gourmet-wooden-box\/#primaryimage\",\"url\":\"https:\/\/skingourmet.com\/wp-content\/uploads\/2025\/04\/BOX-11.png\",\"contentUrl\":\"https:\/\/skingourmet.com\/wp-content\/uploads\/2025\/04\/BOX-11.png\",\"width\":6720,\"height\":4480},{\"@type\":\"BreadcrumbList\",\"@id\":\"https:\/\/skingourmet.com\/es\/producto\/gourmet-wooden-box\/#breadcrumb\",\"itemListElement\":[{\"@type\":\"ListItem\",\"position\":1,\"name\":\"Home\",\"item\":\"https:\/\/skingourmet.com\/\"},{\"@type\":\"ListItem\",\"position\":2,\"name\":\"Shop\",\"item\":\"https:\/\/skingourmet.com\/shop\/\"},{\"@type\":\"ListItem\",\"position\":3,\"name\":\"Gourmet Wooden Box\"}]},{\"@type\":\"WebSite\",\"@id\":\"https:\/\/skingourmet.com\/#website\",\"url\":\"https:\/\/skingourmet.com\/\",\"name\":\"Skin Gourmet\",\"description\":\"Raw Edible Skincare Sourced From The Wild\",\"publisher\":{\"@id\":\"https:\/\/skingourmet.com\/#organization\"},\"potentialAction\":[{\"@type\":\"SearchAction\",\"target\":{\"@type\":\"EntryPoint\",\"urlTemplate\":\"https:\/\/skingourmet.com\/?s={search_term_string}\"},\"query-input\":{\"@type\":\"PropertyValueSpecification\",\"valueRequired\":true,\"valueName\":\"search_term_string\"}}],\"inLanguage\":\"es\"},{\"@type\":\"Organization\",\"@id\":\"https:\/\/skingourmet.com\/#organization\",\"name\":\"Skin Gourmet\",\"url\":\"https:\/\/skingourmet.com\/\",\"logo\":{\"@type\":\"ImageObject\",\"inLanguage\":\"es\",\"@id\":\"https:\/\/skingourmet.com\/#\/schema\/logo\/image\/\",\"url\":\"https:\/\/skingourmet.com\/wp-content\/uploads\/2024\/09\/logo.webp\",\"contentUrl\":\"https:\/\/skingourmet.com\/wp-content\/uploads\/2024\/09\/logo.webp\",\"width\":688,\"height\":200,\"caption\":\"Skin Gourmet\"},\"image\":{\"@id\":\"https:\/\/skingourmet.com\/#\/schema\/logo\/image\/\"},\"sameAs\":[\"https:\/\/www.facebook.com\/share\/1BhiN1f7rm\/?mibextid=wwXIfr\",\"https:\/\/x.com\/skingourmet\",\"https:\/\/www.instagram.com\/skingourmetgh\"]}]}<\/script>\n<!-- \/ Yoast SEO plugin. -->","yoast_head_json":{"title":"Gourmet Wooden Box - Skin Gourmet","robots":{"index":"index","follow":"follow","max-snippet":"max-snippet:-1","max-image-preview":"max-image-preview:large","max-video-preview":"max-video-preview:-1"},"canonical":"https:\/\/skingourmet.com\/es\/producto\/gourmet-wooden-box\/","og_locale":"es_ES","og_type":"article","og_title":"Gourmet Wooden Box - Skin Gourmet","og_description":"Afromosia wood is a strong and durable hardwood, perfect for making sturdy crates. It's natural resistance to wear, pests, and moisture ensures longevity, while it's attractive golden-brown color adds a touch of style. Ideal for both indoor and outdoor use, Afromosia is a reliable choice for crate construction  Afromosia is a versatile and eco-friendly option for creating sturdy, reliable crates that combine functionality with aesthetic appeal.","og_url":"https:\/\/skingourmet.com\/es\/producto\/gourmet-wooden-box\/","og_site_name":"Skin Gourmet","article_publisher":"https:\/\/www.facebook.com\/share\/1BhiN1f7rm\/?mibextid=wwXIfr","article_modified_time":"2025-04-23T16:57:50+00:00","og_image":[{"width":1024,"height":683,"url":"https:\/\/skingourmet.com\/wp-content\/uploads\/2025\/04\/BOX-11-1024x683.png","type":"image\/png"}],"twitter_card":"summary_large_image","twitter_site":"@skingourmet","schema":{"@context":"https:\/\/schema.org","@graph":[{"@type":"WebPage","@id":"https:\/\/skingourmet.com\/es\/producto\/gourmet-wooden-box\/","url":"https:\/\/skingourmet.com\/es\/producto\/gourmet-wooden-box\/","name":"Gourmet Wooden Box - Skin Gourmet","isPartOf":{"@id":"https:\/\/skingourmet.com\/#website"},"primaryImageOfPage":{"@id":"https:\/\/skingourmet.com\/es\/producto\/gourmet-wooden-box\/#primaryimage"},"image":{"@id":"https:\/\/skingourmet.com\/es\/producto\/gourmet-wooden-box\/#primaryimage"},"thumbnailUrl":"https:\/\/skingourmet.com\/wp-content\/uploads\/2025\/04\/BOX-11.png","datePublished":"2025-04-23T15:19:51+00:00","dateModified":"2025-04-23T16:57:50+00:00","breadcrumb":{"@id":"https:\/\/skingourmet.com\/es\/producto\/gourmet-wooden-box\/#breadcrumb"},"inLanguage":"es","potentialAction":[{"@type":"ReadAction","target":["https:\/\/skingourmet.com\/es\/producto\/gourmet-wooden-box\/"]}]},{"@type":"ImageObject","inLanguage":"es","@id":"https:\/\/skingourmet.com\/es\/producto\/gourmet-wooden-box\/#primaryimage","url":"https:\/\/skingourmet.com\/wp-content\/uploads\/2025\/04\/BOX-11.png","contentUrl":"https:\/\/skingourmet.com\/wp-content\/uploads\/2025\/04\/BOX-11.png","width":6720,"height":4480},{"@type":"BreadcrumbList","@id":"https:\/\/skingourmet.com\/es\/producto\/gourmet-wooden-box\/#breadcrumb","itemListElement":[{"@type":"ListItem","position":1,"name":"Home","item":"https:\/\/skingourmet.com\/"},{"@type":"ListItem","position":2,"name":"Shop","item":"https:\/\/skingourmet.com\/shop\/"},{"@type":"ListItem","position":3,"name":"Gourmet Wooden Box"}]},{"@type":"WebSite","@id":"https:\/\/skingourmet.com\/#website","url":"https:\/\/skingourmet.com\/","name":"Piel Gourmet","description":"Cuidado de la piel crudo y comestible de origen silvestre","publisher":{"@id":"https:\/\/skingourmet.com\/#organization"},"potentialAction":[{"@type":"SearchAction","target":{"@type":"EntryPoint","urlTemplate":"https:\/\/skingourmet.com\/?s={search_term_string}"},"query-input":{"@type":"PropertyValueSpecification","valueRequired":true,"valueName":"search_term_string"}}],"inLanguage":"es"},{"@type":"Organization","@id":"https:\/\/skingourmet.com\/#organization","name":"Piel Gourmet","url":"https:\/\/skingourmet.com\/","logo":{"@type":"ImageObject","inLanguage":"es","@id":"https:\/\/skingourmet.com\/#\/schema\/logo\/image\/","url":"https:\/\/skingourmet.com\/wp-content\/uploads\/2024\/09\/logo.webp","contentUrl":"https:\/\/skingourmet.com\/wp-content\/uploads\/2024\/09\/logo.webp","width":688,"height":200,"caption":"Skin Gourmet"},"image":{"@id":"https:\/\/skingourmet.com\/#\/schema\/logo\/image\/"},"sameAs":["https:\/\/www.facebook.com\/share\/1BhiN1f7rm\/?mibextid=wwXIfr","https:\/\/x.com\/skingourmet","https:\/\/www.instagram.com\/skingourmetgh"]}]}},"_links":{"self":[{"href":"https:\/\/skingourmet.com\/es\/wp-json\/wp\/v2\/product\/1497","targetHints":{"allow":["GET"]}}],"collection":[{"href":"https:\/\/skingourmet.com\/es\/wp-json\/wp\/v2\/product"}],"about":[{"href":"https:\/\/skingourmet.com\/es\/wp-json\/wp\/v2\/types\/product"}],"replies":[{"embeddable":true,"href":"https:\/\/skingourmet.com\/es\/wp-json\/wp\/v2\/comments?post=1497"}],"wp:featuredmedia":[{"embeddable":true,"href":"https:\/\/skingourmet.com\/es\/wp-json\/wp\/v2\/media\/1505"}],"wp:attachment":[{"href":"https:\/\/skingourmet.com\/es\/wp-json\/wp\/v2\/media?parent=1497"}],"wp:term":[{"taxonomy":"product_brand","embeddable":true,"href":"https:\/\/skingourmet.com\/es\/wp-json\/wp\/v2\/product_brand?post=1497"},{"taxonomy":"product_cat","embeddable":true,"href":"https:\/\/skingourmet.com\/es\/wp-json\/wp\/v2\/product_cat?post=1497"},{"taxonomy":"product_tag","embeddable":true,"href":"https:\/\/skingourmet.com\/es\/wp-json\/wp\/v2\/product_tag?post=1497"}],"curies":[{"name":"wp","href":"https:\/\/api.w.org\/{rel}","templated":true}]}}