{"id":749,"date":"2024-11-13T11:41:44","date_gmt":"2024-11-13T11:41:44","guid":{"rendered":"https:\/\/skingourmet.com\/?page_id=749"},"modified":"2024-11-16T20:09:49","modified_gmt":"2024-11-16T20:09:49","slug":"our-impact","status":"publish","type":"page","link":"https:\/\/skingourmet.com\/es\/our-impact\/","title":{"rendered":"Nuestro impacto"},"content":{"rendered":"<div data-elementor-type=\"wp-page\" data-elementor-id=\"749\" class=\"elementor elementor-749\" data-elementor-post-type=\"page\">\n\t\t\t\t<div class=\"elementor-element elementor-element-8dd7315 e-con-full e-flex e-con e-parent\" data-id=\"8dd7315\" data-element_type=\"container\" data-e-type=\"container\">\n\t\t\t\t<div class=\"elementor-element elementor-element-afbdb61 elementor-widget elementor-widget-heading\" data-id=\"afbdb61\" data-element_type=\"widget\" data-e-type=\"widget\" data-widget_type=\"heading.default\">\n\t\t\t\t<div class=\"elementor-widget-container\">\n\t\t\t\t\t<h1 class=\"elementor-heading-title elementor-size-default\">Nuestro impacto<\/h1>\t\t\t\t<\/div>\n\t\t\t\t<\/div>\n\t\t<div class=\"elementor-element elementor-element-6aa5a3b e-con-full e-flex e-con e-child\" data-id=\"6aa5a3b\" data-element_type=\"container\" data-e-type=\"container\">\n\t\t<div class=\"elementor-element elementor-element-33cec3f e-con-full e-flex e-con e-child\" data-id=\"33cec3f\" data-element_type=\"container\" data-e-type=\"container\">\n\t\t<div class=\"elementor-element elementor-element-6000b67 e-con-full e-flex e-con e-child\" data-id=\"6000b67\" data-element_type=\"container\" data-e-type=\"container\" data-settings=\"{&quot;background_background&quot;:&quot;classic&quot;}\">\n\t\t\t\t<\/div>\n\t\t<div class=\"elementor-element elementor-element-80b5449 e-con-full e-flex e-con e-child\" data-id=\"80b5449\" data-element_type=\"container\" data-e-type=\"container\" data-settings=\"{&quot;background_background&quot;:&quot;classic&quot;}\">\n\t\t\t\t<div class=\"elementor-element elementor-element-acaa638 elementor-widget elementor-widget-counter\" data-id=\"acaa638\" data-element_type=\"widget\" data-e-type=\"widget\" data-widget_type=\"counter.default\">\n\t\t\t\t<div class=\"elementor-widget-container\">\n\t\t\t\t\t\t\t<div class=\"elementor-counter\">\n\t\t\t\t\t\t<div class=\"elementor-counter-number-wrapper\">\n\t\t\t\t<span class=\"elementor-counter-number-prefix\"><\/span>\n\t\t\t\t<span class=\"elementor-counter-number\" data-duration=\"2000\" data-to-value=\"50\" data-from-value=\"0\" data-delimiter=\",\">0<\/span>\n\t\t\t\t<span class=\"elementor-counter-number-suffix\">%<\/span>\n\t\t\t<\/div>\n\t\t<\/div>\n\t\t\t\t\t\t<\/div>\n\t\t\t\t<\/div>\n\t\t\t\t<div class=\"elementor-element elementor-element-04a8196 elementor-widget elementor-widget-icon-box\" data-id=\"04a8196\" data-element_type=\"widget\" data-e-type=\"widget\" data-widget_type=\"icon-box.default\">\n\t\t\t\t<div class=\"elementor-widget-container\">\n\t\t\t\t\t\t\t<div class=\"elementor-icon-box-wrapper\">\n\n\t\t\t\n\t\t\t\t\t\t<div class=\"elementor-icon-box-content\">\n\n\t\t\t\t\t\t\t\t\t<h3 class=\"elementor-icon-box-title\">\n\t\t\t\t\t\t<span  >\n\t\t\t\t\t\t\tRegiones rurales\t\t\t\t\t\t<\/span>\n\t\t\t\t\t<\/h3>\n\t\t\t\t\n\t\t\t\t\t\t\t\t\t<p class=\"elementor-icon-box-description\">\n\t\t\t\t\t\tEstos puestos ayudan a proporcionar un trabajo digno y estable que reduce la necesidad de los j\u00f3venes de emigrar a las ciudades, manteniendo a las comunidades conectadas y empoderadas.\t\t\t\t\t<\/p>\n\t\t\t\t\n\t\t\t<\/div>\n\t\t\t\n\t\t<\/div>\n\t\t\t\t\t\t<\/div>\n\t\t\t\t<\/div>\n\t\t\t\t<\/div>\n\t\t<div class=\"elementor-element elementor-element-9d97a25 e-con-full e-flex e-con e-child\" data-id=\"9d97a25\" data-element_type=\"container\" data-e-type=\"container\" data-settings=\"{&quot;background_background&quot;:&quot;classic&quot;}\">\n\t\t\t\t<\/div>\n\t\t\t\t<\/div>\n\t\t<div class=\"elementor-element elementor-element-037bcee e-con-full e-flex e-con e-child\" data-id=\"037bcee\" data-element_type=\"container\" data-e-type=\"container\">\n\t\t<div class=\"elementor-element elementor-element-53dacf0 e-con-full e-flex e-con e-child\" data-id=\"53dacf0\" data-element_type=\"container\" data-e-type=\"container\" data-settings=\"{&quot;background_background&quot;:&quot;classic&quot;}\">\n\t\t\t\t<div class=\"elementor-element elementor-element-ea12e0d elementor-widget elementor-widget-counter\" data-id=\"ea12e0d\" data-element_type=\"widget\" data-e-type=\"widget\" data-widget_type=\"counter.default\">\n\t\t\t\t<div class=\"elementor-widget-container\">\n\t\t\t\t\t\t\t<div class=\"elementor-counter\">\n\t\t\t\t\t\t<div class=\"elementor-counter-number-wrapper\">\n\t\t\t\t<span class=\"elementor-counter-number-prefix\"><\/span>\n\t\t\t\t<span class=\"elementor-counter-number\" data-duration=\"2000\" data-to-value=\"9\" data-from-value=\"0\" data-delimiter=\",\">0<\/span>\n\t\t\t\t<span class=\"elementor-counter-number-suffix\">k+<\/span>\n\t\t\t<\/div>\n\t\t<\/div>\n\t\t\t\t\t\t<\/div>\n\t\t\t\t<\/div>\n\t\t\t\t<div class=\"elementor-element elementor-element-8435851 elementor-widget elementor-widget-icon-box\" data-id=\"8435851\" data-element_type=\"widget\" data-e-type=\"widget\" data-widget_type=\"icon-box.default\">\n\t\t\t\t<div class=\"elementor-widget-container\">\n\t\t\t\t\t\t\t<div class=\"elementor-icon-box-wrapper\">\n\n\t\t\t\n\t\t\t\t\t\t<div class=\"elementor-icon-box-content\">\n\n\t\t\t\t\t\t\t\t\t<h2 class=\"elementor-icon-box-title\">\n\t\t\t\t\t\t<span  >\n\t\t\t\t\t\t\tPuestos de trabajo subvencionados\t\t\t\t\t\t<\/span>\n\t\t\t\t\t<\/h2>\n\t\t\t\t\n\t\t\t\t\t\t\t\t\t<p class=\"elementor-icon-box-description\">\n\t\t\t\t\t\tNuestro equipo se dedica a crear oportunidades de empleo significativas, especialmente en zonas rurales donde el trabajo puede escasear.\t\t\t\t\t<\/p>\n\t\t\t\t\n\t\t\t<\/div>\n\t\t\t\n\t\t<\/div>\n\t\t\t\t\t\t<\/div>\n\t\t\t\t<\/div>\n\t\t\t\t<\/div>\n\t\t<div class=\"elementor-element elementor-element-2c221b2 e-con-full e-flex e-con e-child\" data-id=\"2c221b2\" data-element_type=\"container\" data-e-type=\"container\" data-settings=\"{&quot;background_background&quot;:&quot;classic&quot;}\">\n\t\t\t\t<\/div>\n\t\t<div class=\"elementor-element elementor-element-e4e8735 e-con-full e-flex e-con e-child\" data-id=\"e4e8735\" data-element_type=\"container\" data-e-type=\"container\" data-settings=\"{&quot;background_background&quot;:&quot;classic&quot;}\">\n\t\t\t\t<div class=\"elementor-element elementor-element-7d0d14a elementor-widget elementor-widget-counter\" data-id=\"7d0d14a\" data-element_type=\"widget\" data-e-type=\"widget\" data-widget_type=\"counter.default\">\n\t\t\t\t<div class=\"elementor-widget-container\">\n\t\t\t\t\t\t\t<div class=\"elementor-counter\">\n\t\t\t\t\t\t<div class=\"elementor-counter-number-wrapper\">\n\t\t\t\t<span class=\"elementor-counter-number-prefix\"><\/span>\n\t\t\t\t<span class=\"elementor-counter-number\" data-duration=\"2000\" data-to-value=\"30\" data-from-value=\"0\" data-delimiter=\",\">0<\/span>\n\t\t\t\t<span class=\"elementor-counter-number-suffix\">+<\/span>\n\t\t\t<\/div>\n\t\t<\/div>\n\t\t\t\t\t\t<\/div>\n\t\t\t\t<\/div>\n\t\t\t\t<div class=\"elementor-element elementor-element-9e38600 elementor-widget elementor-widget-icon-box\" data-id=\"9e38600\" data-element_type=\"widget\" data-e-type=\"widget\" data-widget_type=\"icon-box.default\">\n\t\t\t\t<div class=\"elementor-widget-container\">\n\t\t\t\t\t\t\t<div class=\"elementor-icon-box-wrapper\">\n\n\t\t\t\n\t\t\t\t\t\t<div class=\"elementor-icon-box-content\">\n\n\t\t\t\t\t\t\t\t\t<h2 class=\"elementor-icon-box-title\">\n\t\t\t\t\t\t<span  >\n\t\t\t\t\t\t\tPa\u00edses\t\t\t\t\t\t<\/span>\n\t\t\t\t\t<\/h2>\n\t\t\t\t\n\t\t\t\t\t\t\t\t\t<p class=\"elementor-icon-box-description\">\n\t\t\t\t\t\tAl hacer accesibles en todo el mundo\nen todo el mundo,\ndifundimos los beneficios de la\nde la belleza sostenible.\t\t\t\t\t<\/p>\n\t\t\t\t\n\t\t\t<\/div>\n\t\t\t\n\t\t<\/div>\n\t\t\t\t\t\t<\/div>\n\t\t\t\t<\/div>\n\t\t\t\t<\/div>\n\t\t\t\t<\/div>\n\t\t<div class=\"elementor-element elementor-element-107228c e-con-full e-flex e-con e-child\" data-id=\"107228c\" data-element_type=\"container\" data-e-type=\"container\">\n\t\t<div class=\"elementor-element elementor-element-4ad36c8 e-con-full e-flex e-con e-child\" data-id=\"4ad36c8\" data-element_type=\"container\" data-e-type=\"container\" data-settings=\"{&quot;background_background&quot;:&quot;classic&quot;}\">\n\t\t\t\t<\/div>\n\t\t<div class=\"elementor-element elementor-element-fd2fbd6 e-con-full e-flex e-con e-child\" data-id=\"fd2fbd6\" data-element_type=\"container\" data-e-type=\"container\" data-settings=\"{&quot;background_background&quot;:&quot;classic&quot;}\">\n\t\t\t\t<div class=\"elementor-element elementor-element-2af7925 elementor-widget elementor-widget-counter\" data-id=\"2af7925\" data-element_type=\"widget\" data-e-type=\"widget\" data-widget_type=\"counter.default\">\n\t\t\t\t<div class=\"elementor-widget-container\">\n\t\t\t\t\t\t\t<div class=\"elementor-counter\">\n\t\t\t\t\t\t<div class=\"elementor-counter-number-wrapper\">\n\t\t\t\t<span class=\"elementor-counter-number-prefix\"><\/span>\n\t\t\t\t<span class=\"elementor-counter-number\" data-duration=\"2000\" data-to-value=\"50\" data-from-value=\"30\" data-delimiter=\",\">30<\/span>\n\t\t\t\t<span class=\"elementor-counter-number-suffix\">%<\/span>\n\t\t\t<\/div>\n\t\t<\/div>\n\t\t\t\t\t\t<\/div>\n\t\t\t\t<\/div>\n\t\t\t\t<div class=\"elementor-element elementor-element-e9c7169 elementor-widget elementor-widget-icon-box\" data-id=\"e9c7169\" data-element_type=\"widget\" data-e-type=\"widget\" data-widget_type=\"icon-box.default\">\n\t\t\t\t<div class=\"elementor-widget-container\">\n\t\t\t\t\t\t\t<div class=\"elementor-icon-box-wrapper\">\n\n\t\t\t\n\t\t\t\t\t\t<div class=\"elementor-icon-box-content\">\n\n\t\t\t\t\t\t\t\t\t<h3 class=\"elementor-icon-box-title\">\n\t\t\t\t\t\t<span  >\n\t\t\t\t\t\t\tManteca de karit\u00e9 Premium\t\t\t\t\t\t<\/span>\n\t\t\t\t\t<\/h3>\n\t\t\t\t\n\t\t\t\t\t\t\t\t\t<p class=\"elementor-icon-box-description\">\n\t\t\t\t\t\tUno de los logros de los que nos sentimos m\u00e1s orgullosos es haber ayudado a una cooperativa de 113 mujeres del norte de Ghana a obtener la certificaci\u00f3n ecol\u00f3gica.\t\t\t\t\t<\/p>\n\t\t\t\t\n\t\t\t<\/div>\n\t\t\t\n\t\t<\/div>\n\t\t\t\t\t\t<\/div>\n\t\t\t\t<\/div>\n\t\t\t\t<\/div>\n\t\t<div class=\"elementor-element elementor-element-f52284a e-con-full e-flex e-con e-child\" data-id=\"f52284a\" data-element_type=\"container\" data-e-type=\"container\" data-settings=\"{&quot;background_background&quot;:&quot;classic&quot;}\">\n\t\t\t\t<\/div>\n\t\t\t\t<\/div>\n\t\t\t\t<\/div>\n\t\t\t\t<\/div>\n\t\t\t\t<\/div>","protected":false},"excerpt":{"rendered":"<p>0 % Rural Regions Based These positions help provide dignified, stable work that reduces the need for young people to migrate to cities, keeping communities connected and empowered. 0 k+ Jobs Supported Our team is dedicated to creating meaningful job opportunities, especially in rural areas where work can be scarce. 0 + Countries By making<a href=\"https:\/\/skingourmet.com\/es\/our-impact\/\">Seguir leyendo <span class=\"sr-only\">&#8220;Our Impact&#8221;<\/span><\/a><\/p>","protected":false},"author":1,"featured_media":0,"parent":0,"menu_order":0,"comment_status":"closed","ping_status":"closed","template":"","meta":{"_acf_changed":false,"footnotes":""},"class_list":["post-749","page","type-page","status-publish","hentry"],"acf":[],"yoast_head":"<!-- This site is optimized with the Yoast SEO plugin v27.2 - https:\/\/yoast.com\/product\/yoast-seo-wordpress\/ -->\n<title>Our Impact - Skin Gourmet<\/title>\n<meta name=\"robots\" content=\"index, follow, max-snippet:-1, max-image-preview:large, max-video-preview:-1\" \/>\n<link rel=\"canonical\" href=\"https:\/\/skingourmet.com\/es\/our-impact\/\" \/>\n<meta property=\"og:locale\" content=\"es_ES\" \/>\n<meta property=\"og:type\" content=\"article\" \/>\n<meta property=\"og:title\" content=\"Our Impact - Skin Gourmet\" \/>\n<meta property=\"og:description\" content=\"0 % Rural Regions Based These positions help provide dignified, stable work that reduces the need for young people to migrate to cities, keeping communities connected and empowered. 0 k+ Jobs Supported Our team is dedicated to creating meaningful job opportunities, especially in rural areas where work can be scarce. 0 + Countries By makingContinue reading &quot;Our Impact&quot;\" \/>\n<meta property=\"og:url\" content=\"https:\/\/skingourmet.com\/es\/our-impact\/\" \/>\n<meta property=\"og:site_name\" content=\"Skin Gourmet\" \/>\n<meta property=\"article:publisher\" content=\"https:\/\/www.facebook.com\/share\/1BhiN1f7rm\/?mibextid=wwXIfr\" \/>\n<meta property=\"article:modified_time\" content=\"2024-11-16T20:09:49+00:00\" \/>\n<meta name=\"twitter:card\" content=\"summary_large_image\" \/>\n<meta name=\"twitter:site\" content=\"@skingourmet\" \/>\n<script type=\"application\/ld+json\" class=\"yoast-schema-graph\">{\"@context\":\"https:\/\/schema.org\",\"@graph\":[{\"@type\":\"WebPage\",\"@id\":\"https:\/\/skingourmet.com\/our-impact\/\",\"url\":\"https:\/\/skingourmet.com\/our-impact\/\",\"name\":\"Our Impact - Skin Gourmet\",\"isPartOf\":{\"@id\":\"https:\/\/skingourmet.com\/#website\"},\"datePublished\":\"2024-11-13T11:41:44+00:00\",\"dateModified\":\"2024-11-16T20:09:49+00:00\",\"breadcrumb\":{\"@id\":\"https:\/\/skingourmet.com\/our-impact\/#breadcrumb\"},\"inLanguage\":\"es\",\"potentialAction\":[{\"@type\":\"ReadAction\",\"target\":[\"https:\/\/skingourmet.com\/our-impact\/\"]}]},{\"@type\":\"BreadcrumbList\",\"@id\":\"https:\/\/skingourmet.com\/our-impact\/#breadcrumb\",\"itemListElement\":[{\"@type\":\"ListItem\",\"position\":1,\"name\":\"Home\",\"item\":\"https:\/\/skingourmet.com\/\"},{\"@type\":\"ListItem\",\"position\":2,\"name\":\"Our Impact\"}]},{\"@type\":\"WebSite\",\"@id\":\"https:\/\/skingourmet.com\/#website\",\"url\":\"https:\/\/skingourmet.com\/\",\"name\":\"Skin Gourmet\",\"description\":\"Raw Edible Skincare Sourced From The Wild\",\"publisher\":{\"@id\":\"https:\/\/skingourmet.com\/#organization\"},\"potentialAction\":[{\"@type\":\"SearchAction\",\"target\":{\"@type\":\"EntryPoint\",\"urlTemplate\":\"https:\/\/skingourmet.com\/?s={search_term_string}\"},\"query-input\":{\"@type\":\"PropertyValueSpecification\",\"valueRequired\":true,\"valueName\":\"search_term_string\"}}],\"inLanguage\":\"es\"},{\"@type\":\"Organization\",\"@id\":\"https:\/\/skingourmet.com\/#organization\",\"name\":\"Skin Gourmet\",\"url\":\"https:\/\/skingourmet.com\/\",\"logo\":{\"@type\":\"ImageObject\",\"inLanguage\":\"es\",\"@id\":\"https:\/\/skingourmet.com\/#\/schema\/logo\/image\/\",\"url\":\"https:\/\/skingourmet.com\/wp-content\/uploads\/2024\/09\/logo.webp\",\"contentUrl\":\"https:\/\/skingourmet.com\/wp-content\/uploads\/2024\/09\/logo.webp\",\"width\":688,\"height\":200,\"caption\":\"Skin Gourmet\"},\"image\":{\"@id\":\"https:\/\/skingourmet.com\/#\/schema\/logo\/image\/\"},\"sameAs\":[\"https:\/\/www.facebook.com\/share\/1BhiN1f7rm\/?mibextid=wwXIfr\",\"https:\/\/x.com\/skingourmet\",\"https:\/\/www.instagram.com\/skingourmetgh\"]}]}<\/script>\n<!-- \/ Yoast SEO plugin. -->","yoast_head_json":{"title":"Our Impact - Skin Gourmet","robots":{"index":"index","follow":"follow","max-snippet":"max-snippet:-1","max-image-preview":"max-image-preview:large","max-video-preview":"max-video-preview:-1"},"canonical":"https:\/\/skingourmet.com\/es\/our-impact\/","og_locale":"es_ES","og_type":"article","og_title":"Our Impact - Skin Gourmet","og_description":"0 % Rural Regions Based These positions help provide dignified, stable work that reduces the need for young people to migrate to cities, keeping communities connected and empowered. 0 k+ Jobs Supported Our team is dedicated to creating meaningful job opportunities, especially in rural areas where work can be scarce. 0 + Countries By makingContinue reading \"Our Impact\"","og_url":"https:\/\/skingourmet.com\/es\/our-impact\/","og_site_name":"Skin Gourmet","article_publisher":"https:\/\/www.facebook.com\/share\/1BhiN1f7rm\/?mibextid=wwXIfr","article_modified_time":"2024-11-16T20:09:49+00:00","twitter_card":"summary_large_image","twitter_site":"@skingourmet","schema":{"@context":"https:\/\/schema.org","@graph":[{"@type":"WebPage","@id":"https:\/\/skingourmet.com\/our-impact\/","url":"https:\/\/skingourmet.com\/our-impact\/","name":"Our Impact - Skin Gourmet","isPartOf":{"@id":"https:\/\/skingourmet.com\/#website"},"datePublished":"2024-11-13T11:41:44+00:00","dateModified":"2024-11-16T20:09:49+00:00","breadcrumb":{"@id":"https:\/\/skingourmet.com\/our-impact\/#breadcrumb"},"inLanguage":"es","potentialAction":[{"@type":"ReadAction","target":["https:\/\/skingourmet.com\/our-impact\/"]}]},{"@type":"BreadcrumbList","@id":"https:\/\/skingourmet.com\/our-impact\/#breadcrumb","itemListElement":[{"@type":"ListItem","position":1,"name":"Home","item":"https:\/\/skingourmet.com\/"},{"@type":"ListItem","position":2,"name":"Our Impact"}]},{"@type":"WebSite","@id":"https:\/\/skingourmet.com\/#website","url":"https:\/\/skingourmet.com\/","name":"Piel Gourmet","description":"Cuidado de la piel crudo y comestible de origen silvestre","publisher":{"@id":"https:\/\/skingourmet.com\/#organization"},"potentialAction":[{"@type":"SearchAction","target":{"@type":"EntryPoint","urlTemplate":"https:\/\/skingourmet.com\/?s={search_term_string}"},"query-input":{"@type":"PropertyValueSpecification","valueRequired":true,"valueName":"search_term_string"}}],"inLanguage":"es"},{"@type":"Organization","@id":"https:\/\/skingourmet.com\/#organization","name":"Piel Gourmet","url":"https:\/\/skingourmet.com\/","logo":{"@type":"ImageObject","inLanguage":"es","@id":"https:\/\/skingourmet.com\/#\/schema\/logo\/image\/","url":"https:\/\/skingourmet.com\/wp-content\/uploads\/2024\/09\/logo.webp","contentUrl":"https:\/\/skingourmet.com\/wp-content\/uploads\/2024\/09\/logo.webp","width":688,"height":200,"caption":"Skin Gourmet"},"image":{"@id":"https:\/\/skingourmet.com\/#\/schema\/logo\/image\/"},"sameAs":["https:\/\/www.facebook.com\/share\/1BhiN1f7rm\/?mibextid=wwXIfr","https:\/\/x.com\/skingourmet","https:\/\/www.instagram.com\/skingourmetgh"]}]}},"_links":{"self":[{"href":"https:\/\/skingourmet.com\/es\/wp-json\/wp\/v2\/pages\/749","targetHints":{"allow":["GET"]}}],"collection":[{"href":"https:\/\/skingourmet.com\/es\/wp-json\/wp\/v2\/pages"}],"about":[{"href":"https:\/\/skingourmet.com\/es\/wp-json\/wp\/v2\/types\/page"}],"author":[{"embeddable":true,"href":"https:\/\/skingourmet.com\/es\/wp-json\/wp\/v2\/users\/1"}],"replies":[{"embeddable":true,"href":"https:\/\/skingourmet.com\/es\/wp-json\/wp\/v2\/comments?post=749"}],"version-history":[{"count":43,"href":"https:\/\/skingourmet.com\/es\/wp-json\/wp\/v2\/pages\/749\/revisions"}],"predecessor-version":[{"id":868,"href":"https:\/\/skingourmet.com\/es\/wp-json\/wp\/v2\/pages\/749\/revisions\/868"}],"wp:attachment":[{"href":"https:\/\/skingourmet.com\/es\/wp-json\/wp\/v2\/media?parent=749"}],"curies":[{"name":"wp","href":"https:\/\/api.w.org\/{rel}","templated":true}]}}