{"id":510,"date":"2024-10-26T14:41:02","date_gmt":"2024-10-26T14:41:02","guid":{"rendered":"https:\/\/skingourmet.com\/?page_id=510"},"modified":"2024-10-26T15:20:20","modified_gmt":"2024-10-26T15:20:20","slug":"terms-conditions","status":"publish","type":"page","link":"https:\/\/skingourmet.com\/es\/terms-conditions\/","title":{"rendered":"Condiciones generales"},"content":{"rendered":"<div data-elementor-type=\"wp-page\" data-elementor-id=\"510\" class=\"elementor elementor-510\" data-elementor-post-type=\"page\">\n\t\t\t\t<div class=\"elementor-element elementor-element-bcb0b92 e-con-full e-flex e-con e-parent\" data-id=\"bcb0b92\" data-element_type=\"container\" data-e-type=\"container\" data-settings=\"{&quot;background_background&quot;:&quot;classic&quot;}\">\n\t\t<div class=\"elementor-element elementor-element-58dd2b7 e-con-full e-flex e-con e-child\" data-id=\"58dd2b7\" data-element_type=\"container\" data-e-type=\"container\" data-settings=\"{&quot;background_background&quot;:&quot;classic&quot;}\">\n\t\t\t\t<\/div>\n\t\t\t\t<\/div>\n\t\t<div class=\"elementor-element elementor-element-b71e04c e-con-full e-flex e-con e-parent\" data-id=\"b71e04c\" data-element_type=\"container\" data-e-type=\"container\">\n\t\t\t\t<div class=\"elementor-element elementor-element-38c8c23 elementor-widget elementor-widget-heading\" data-id=\"38c8c23\" data-element_type=\"widget\" data-e-type=\"widget\" data-widget_type=\"heading.default\">\n\t\t\t\t<div class=\"elementor-widget-container\">\n\t\t\t\t\t<h3 class=\"elementor-heading-title elementor-size-default\">Condiciones generales<\/h3>\t\t\t\t<\/div>\n\t\t\t\t<\/div>\n\t\t\t\t<div class=\"elementor-element elementor-element-2ae01e0 elementor-widget elementor-widget-heading\" data-id=\"2ae01e0\" data-element_type=\"widget\" data-e-type=\"widget\" data-widget_type=\"heading.default\">\n\t\t\t\t<div class=\"elementor-widget-container\">\n\t\t\t\t\t<h3 class=\"elementor-heading-title elementor-size-default\">INTRODUCCI\u00d3N<\/h3>\t\t\t\t<\/div>\n\t\t\t\t<\/div>\n\t\t\t\t<div class=\"elementor-element elementor-element-76bce3f elementor-widget elementor-widget-text-editor\" data-id=\"76bce3f\" data-element_type=\"widget\" data-e-type=\"widget\" data-widget_type=\"text-editor.default\">\n\t\t\t\t<div class=\"elementor-widget-container\">\n\t\t\t\t\t\t\t\t\t<p>Bienvenido al sitio web skingourmet.com.gh (el \"Sitio\"). Estos t\u00e9rminos y condiciones (\"T\u00e9rminos y Condiciones\") se aplican al Sitio, y a todas sus divisiones, subsidiarias y afiliados operados sitios de Internet que hacen referencia a estos T\u00e9rminos y Condiciones.<\/p><p><br \/>Al acceder al sitio web, usted confirma su comprensi\u00f3n de los T\u00e9rminos y Condiciones. Si no est\u00e1 de acuerdo con estos T\u00e9rminos y Condiciones de uso, no deber\u00e1 utilizar este sitio web. El Sitio se reserva el derecho de cambiar, modificar, a\u00f1adir o eliminar partes de estas Condiciones de uso en cualquier momento. Los cambios entrar\u00e1n en vigor en el momento de su publicaci\u00f3n en el Sitio, sin necesidad de previo aviso. Le rogamos que compruebe peri\u00f3dicamente estas Condiciones de uso para estar al corriente de las actualizaciones. El uso continuado del Sitio tras la publicaci\u00f3n de cambios en estas Condiciones de uso constituye la aceptaci\u00f3n de dichos cambios.<\/p>\t\t\t\t\t\t\t\t<\/div>\n\t\t\t\t<\/div>\n\t\t\t\t<div class=\"elementor-element elementor-element-8b1dbbb elementor-widget elementor-widget-heading\" data-id=\"8b1dbbb\" data-element_type=\"widget\" data-e-type=\"widget\" data-widget_type=\"heading.default\">\n\t\t\t\t<div class=\"elementor-widget-container\">\n\t\t\t\t\t<h3 class=\"elementor-heading-title elementor-size-default\">USO DEL SITIO<\/h3>\t\t\t\t<\/div>\n\t\t\t\t<\/div>\n\t\t\t\t<div class=\"elementor-element elementor-element-99dab45 elementor-widget elementor-widget-text-editor\" data-id=\"99dab45\" data-element_type=\"widget\" data-e-type=\"widget\" data-widget_type=\"text-editor.default\">\n\t\t\t\t<div class=\"elementor-widget-container\">\n\t\t\t\t\t\t\t\t\t<p>Usted es mayor de 18 a\u00f1os o accede al Sitio bajo la supervisi\u00f3n de uno de sus padres o de un tutor legal. Le concedemos una licencia intransferible y revocable para utilizar el Sitio, con arreglo a los T\u00e9rminos y Condiciones descritos, con el fin de realizar compras de art\u00edculos personales vendidos en el Sitio. Queda prohibido el uso comercial o en nombre de terceros, salvo que nosotros lo autoricemos expl\u00edcitamente con antelaci\u00f3n. Cualquier incumplimiento de las presentes Condiciones Generales conllevar\u00e1 la revocaci\u00f3n inmediata de la licencia concedida en el presente apartado sin previo aviso.<br \/><br \/>El contenido de este sitio tiene \u00fanicamente fines informativos. Las representaciones de productos expresadas en este sitio son las del vendedor y no las nuestras. Las presentaciones u opiniones expresadas en este sitio son las de la persona que publica dicho contenido y pueden no reflejar nuestras opiniones.<br \/><br \/>Algunos servicios y funciones relacionados que pueden estar disponibles en el Sitio pueden requerir registro o suscripci\u00f3n. Si decide registrarse o suscribirse a cualquiera de estos servicios o funciones, se compromete a proporcionar informaci\u00f3n precisa y actualizada sobre usted y a actualizarla de inmediato si se produce alg\u00fan cambio. Cada usuario del Sitio es el \u00fanico responsable de mantener seguras las contrase\u00f1as y otros identificadores de cuenta. El propietario de la cuenta es enteramente responsable de todas las actividades que ocurran bajo dicha contrase\u00f1a o cuenta. Adem\u00e1s, deber\u00e1 notificarnos cualquier uso no autorizado de su contrase\u00f1a o cuenta. El Sitio no ser\u00e1 responsable, directa o indirectamente, en modo alguno, de cualquier p\u00e9rdida o da\u00f1o de cualquier tipo en que se incurra como resultado de, o en relaci\u00f3n con, su incumplimiento de esta secci\u00f3n.<br \/><br \/>Durante el proceso de registro, usted acepta recibir correos electr\u00f3nicos promocionales del Sitio. Posteriormente, puede optar por no recibir dichos correos electr\u00f3nicos promocionales haciendo clic en el enlace que aparece en la parte inferior de cualquier correo electr\u00f3nico promocional.\u00a0<\/p>\t\t\t\t\t\t\t\t<\/div>\n\t\t\t\t<\/div>\n\t\t\t\t<div class=\"elementor-element elementor-element-f684a5b elementor-widget elementor-widget-heading\" data-id=\"f684a5b\" data-element_type=\"widget\" data-e-type=\"widget\" data-widget_type=\"heading.default\">\n\t\t\t\t<div class=\"elementor-widget-container\">\n\t\t\t\t\t<h3 class=\"elementor-heading-title elementor-size-default\">ENV\u00cdOS DE USUARIOS<\/h3>\t\t\t\t<\/div>\n\t\t\t\t<\/div>\n\t\t\t\t<div class=\"elementor-element elementor-element-a85b552 elementor-widget elementor-widget-text-editor\" data-id=\"a85b552\" data-element_type=\"widget\" data-e-type=\"widget\" data-widget_type=\"text-editor.default\">\n\t\t\t\t<div class=\"elementor-widget-container\">\n\t\t\t\t\t\t\t\t\t<p>Cualquier cosa que usted env\u00ede al Sitio y\/o nos proporcione, incluyendo pero no limitado a, preguntas, rese\u00f1as, comentarios y sugerencias (colectivamente, \"Env\u00edos\") se convertir\u00e1 en nuestra \u00fanica y exclusiva propiedad y no le ser\u00e1 devuelta. Adem\u00e1s de los derechos aplicables a cualquier Env\u00edo, cuando publique comentarios o rese\u00f1as en el Sitio, tambi\u00e9n nos concede el derecho a utilizar el nombre que env\u00ede, en relaci\u00f3n con dicha rese\u00f1a, comentario u otro contenido. Usted no utilizar\u00e1 una direcci\u00f3n de correo electr\u00f3nico falsa, no se har\u00e1 pasar por otra persona que no sea usted ni nos enga\u00f1ar\u00e1 de otro modo a nosotros o a terceros en cuanto al origen de cualquier Env\u00edo. Podemos, pero no estamos obligados a, eliminar o editar cualquier Env\u00edo.<\/p>\t\t\t\t\t\t\t\t<\/div>\n\t\t\t\t<\/div>\n\t\t\t\t<div class=\"elementor-element elementor-element-bafb6b1 elementor-widget elementor-widget-heading\" data-id=\"bafb6b1\" data-element_type=\"widget\" data-e-type=\"widget\" data-widget_type=\"heading.default\">\n\t\t\t\t<div class=\"elementor-widget-container\">\n\t\t\t\t\t<h3 class=\"elementor-heading-title elementor-size-default\">ACEPTACI\u00d3N DE PEDIDOS Y FIJACI\u00d3N DE PRECIOS<\/h3>\t\t\t\t<\/div>\n\t\t\t\t<\/div>\n\t\t\t\t<div class=\"elementor-element elementor-element-67e984e elementor-widget elementor-widget-text-editor\" data-id=\"67e984e\" data-element_type=\"widget\" data-e-type=\"widget\" data-widget_type=\"text-editor.default\">\n\t\t\t\t<div class=\"elementor-widget-container\">\n\t\t\t\t\t\t\t\t\t<p>Tenga en cuenta que hay casos en los que un pedido no puede tramitarse por diversas razones. El Sitio se reserva el derecho a rechazar o cancelar cualquier pedido por cualquier motivo y en cualquier momento. Es posible que se le soliciten comprobaciones o informaci\u00f3n adicionales, incluidos, entre otros, el n\u00famero de tel\u00e9fono y la direcci\u00f3n, antes de que aceptemos el pedido.<br \/><br \/>Para evitar cualquier fraude con tarjetas de cr\u00e9dito o d\u00e9bito, nos reservamos el derecho de obtener la validaci\u00f3n de sus datos de pago antes de proporcionarle el producto y de verificar la informaci\u00f3n personal que comparti\u00f3 con nosotros. Esta verificaci\u00f3n puede adoptar la forma de una comprobaci\u00f3n de identidad, lugar de residencia o informaci\u00f3n bancaria. La falta de respuesta a una solicitud de este tipo provocar\u00e1 autom\u00e1ticamente la anulaci\u00f3n del pedido en un plazo de 2 d\u00edas. Nos reservamos el derecho de proceder a la anulaci\u00f3n directa de un pedido para el que sospechemos un riesgo de uso fraudulento de la tarjeta de cr\u00e9dito o d\u00e9bito.<br \/><br \/>Estamos decididos a proporcionar a nuestros usuarios la informaci\u00f3n m\u00e1s precisa sobre precios en el sitio web; sin embargo, a\u00fan pueden producirse errores, como casos en los que el precio de un art\u00edculo no se muestra correctamente en el sitio web. Por ello, nos reservamos el derecho a rechazar o cancelar cualquier pedido. En caso de que el precio de un art\u00edculo sea incorrecto, podremos, a nuestra discreci\u00f3n, ponernos en contacto con usted para pedirle instrucciones o cancelar su pedido y notificarle dicha cancelaci\u00f3n. Tendremos derecho a rechazar o cancelar cualquiera de estos pedidos, tanto si el pedido ha sido confirmado como si no y se ha realizado el cargo en su tarjeta de cr\u00e9dito.\u00a0<\/p>\t\t\t\t\t\t\t\t<\/div>\n\t\t\t\t<\/div>\n\t\t\t\t<div class=\"elementor-element elementor-element-c37fcf4 elementor-widget elementor-widget-heading\" data-id=\"c37fcf4\" data-element_type=\"widget\" data-e-type=\"widget\" data-widget_type=\"heading.default\">\n\t\t\t\t<div class=\"elementor-widget-container\">\n\t\t\t\t\t<h3 class=\"elementor-heading-title elementor-size-default\">VALES<\/h3>\t\t\t\t<\/div>\n\t\t\t\t<\/div>\n\t\t\t\t<div class=\"elementor-element elementor-element-f5007b2 elementor-widget elementor-widget-text-editor\" data-id=\"f5007b2\" data-element_type=\"widget\" data-e-type=\"widget\" data-widget_type=\"text-editor.default\">\n\t\t\t\t<div class=\"elementor-widget-container\">\n\t\t\t\t\t\t\t\t\t<p>Puede utilizar los vales para pagar en nuestro sitio web. Los vales de marketing le dan derecho a un ahorro en el pedido realizado. Los vales tambi\u00e9n pueden emitirse a cambio de pagos anticipados efectuados mediante transferencia bancaria. Los vales no pueden canjearse por dinero en efectivo. Nos reservamos el derecho a cancelar o retirar los vales en cualquier momento, excepto los emitidos de acuerdo con nuestra pol\u00edtica de reembolsos y\/o a cambio de pagos por adelantado.<br \/><br \/>Los vales no pueden combinarse con ninguna oferta ni c\u00f3digo promocional. Los vales son v\u00e1lidos para un solo uso por persona. S\u00f3lo un vale por transacci\u00f3n. Los vales no pueden transferirse. Cualquier disputa se resolver\u00e1 a discreci\u00f3n de la direcci\u00f3n.<\/p>\t\t\t\t\t\t\t\t<\/div>\n\t\t\t\t<\/div>\n\t\t\t\t<div class=\"elementor-element elementor-element-681c9be elementor-widget elementor-widget-heading\" data-id=\"681c9be\" data-element_type=\"widget\" data-e-type=\"widget\" data-widget_type=\"heading.default\">\n\t\t\t\t<div class=\"elementor-widget-container\">\n\t\t\t\t\t<h3 class=\"elementor-heading-title elementor-size-default\">MARCAS COMERCIALES Y DERECHOS DE AUTOR<\/h3>\t\t\t\t<\/div>\n\t\t\t\t<\/div>\n\t\t\t\t<div class=\"elementor-element elementor-element-498119f elementor-widget elementor-widget-text-editor\" data-id=\"498119f\" data-element_type=\"widget\" data-e-type=\"widget\" data-widget_type=\"text-editor.default\">\n\t\t\t\t<div class=\"elementor-widget-container\">\n\t\t\t\t\t\t\t\t\t<p>Todos los derechos de propiedad intelectual, registrados o no, del Sitio, la informaci\u00f3n contenida en el Sitio y todo el dise\u00f1o del sitio web, incluidos, entre otros, texto, gr\u00e1ficos, software, fotos, v\u00eddeo, m\u00fasica, sonido y su selecci\u00f3n y disposici\u00f3n, as\u00ed como todas las compilaciones de software, el c\u00f3digo fuente subyacente y el software, seguir\u00e1n siendo de nuestra propiedad. Todo el contenido del Sitio est\u00e1 protegido por derechos de autor como obra colectiva en virtud de la legislaci\u00f3n ghanesa sobre derechos de autor y los convenios internacionales. Todos los derechos est\u00e1n reservados.\u00a0<\/p>\t\t\t\t\t\t\t\t<\/div>\n\t\t\t\t<\/div>\n\t\t\t\t<div class=\"elementor-element elementor-element-9d918b2 elementor-widget elementor-widget-heading\" data-id=\"9d918b2\" data-element_type=\"widget\" data-e-type=\"widget\" data-widget_type=\"heading.default\">\n\t\t\t\t<div class=\"elementor-widget-container\">\n\t\t\t\t\t<h3 class=\"elementor-heading-title elementor-size-default\">ARBITRAJES<\/h3>\t\t\t\t<\/div>\n\t\t\t\t<\/div>\n\t\t\t\t<div class=\"elementor-element elementor-element-8e1f8e3 elementor-widget elementor-widget-text-editor\" data-id=\"8e1f8e3\" data-element_type=\"widget\" data-e-type=\"widget\" data-widget_type=\"text-editor.default\">\n\t\t\t\t<div class=\"elementor-widget-container\">\n\t\t\t\t\t\t\t\t\t<p>Cualquier disputa, controversia o diferencia que surja de la aplicaci\u00f3n, interpretaci\u00f3n o ejecuci\u00f3n de las presentes Condiciones Generales ser\u00e1 resuelta definitivamente mediante arbitraje por un \u00fanico \u00e1rbitro que ser\u00e1 designado de conformidad con las normas del Chartered Institute of Arbitrators (Instituto Colegiado de \u00c1rbitros). El \u00e1rbitro ser\u00e1 una persona con formaci\u00f3n jur\u00eddica y experiencia en el \u00e1mbito de las tecnolog\u00edas de la informaci\u00f3n e independiente de cualquiera de las partes.<br \/><br \/>La sede del arbitraje ser\u00e1 Ghana. El idioma utilizado en el procedimiento de arbitraje ser\u00e1 el ingl\u00e9s. El laudo del \u00e1rbitro ser\u00e1 definitivo y vinculante y podr\u00e1 ser presentado ante cualquier tribunal de jurisdicci\u00f3n competente y ejecutado de conformidad con la Ley de Arbitraje de 1995 Cap\u00edtulo N \u00ba 4. No obstante lo anterior, el Sitio se reserva el derecho de perseguir la protecci\u00f3n de los derechos de propiedad intelectual y la informaci\u00f3n confidencial mediante medidas cautelares u otras medidas de equidad a trav\u00e9s de los tribunales competentes.<\/p>\t\t\t\t\t\t\t\t<\/div>\n\t\t\t\t<\/div>\n\t\t\t\t<div class=\"elementor-element elementor-element-0d68fcb elementor-widget elementor-widget-heading\" data-id=\"0d68fcb\" data-element_type=\"widget\" data-e-type=\"widget\" data-widget_type=\"heading.default\">\n\t\t\t\t<div class=\"elementor-widget-container\">\n\t\t\t\t\t<h3 class=\"elementor-heading-title elementor-size-default\">LEGISLACI\u00d3N Y JURISDICCI\u00d3N APLICABLES<\/h3>\t\t\t\t<\/div>\n\t\t\t\t<\/div>\n\t\t\t\t<div class=\"elementor-element elementor-element-e5a6eca elementor-widget elementor-widget-text-editor\" data-id=\"e5a6eca\" data-element_type=\"widget\" data-e-type=\"widget\" data-widget_type=\"text-editor.default\">\n\t\t\t\t<div class=\"elementor-widget-container\">\n\t\t\t\t\t\t\t\t\t<p>Las presentes Condiciones Generales se interpretar\u00e1n y regir\u00e1n por la legislaci\u00f3n vigente en Ghana. Cada una de las partes acuerda someterse a la jurisdicci\u00f3n de los tribunales de Ghana y renunciar a cualquier objeci\u00f3n basada en el lugar de celebraci\u00f3n. DHL Ghana es operada por DHL Services Ghana Ltd.<\/p>\t\t\t\t\t\t\t\t<\/div>\n\t\t\t\t<\/div>\n\t\t\t\t<div class=\"elementor-element elementor-element-435e0e5 elementor-widget elementor-widget-heading\" data-id=\"435e0e5\" data-element_type=\"widget\" data-e-type=\"widget\" data-widget_type=\"heading.default\">\n\t\t\t\t<div class=\"elementor-widget-container\">\n\t\t\t\t\t<h3 class=\"elementor-heading-title elementor-size-default\">TERMINACI\u00d3N<\/h3>\t\t\t\t<\/div>\n\t\t\t\t<\/div>\n\t\t\t\t<div class=\"elementor-element elementor-element-d7a7eb7 elementor-widget elementor-widget-text-editor\" data-id=\"d7a7eb7\" data-element_type=\"widget\" data-e-type=\"widget\" data-widget_type=\"text-editor.default\">\n\t\t\t\t<div class=\"elementor-widget-container\">\n\t\t\t\t\t\t\t\t\t<p>Adem\u00e1s de cualquier otro recurso legal o equitativo, podemos, sin previo aviso, rescindir inmediatamente los T\u00e9rminos y Condiciones o revocar cualquiera o todos sus derechos concedidos en virtud de los T\u00e9rminos y Condiciones. En caso de rescisi\u00f3n del presente Acuerdo, usted deber\u00e1 cesar inmediatamente todo acceso y uso del Sitio y nosotros, adem\u00e1s de cualquier otro recurso legal o equitativo, revocaremos inmediatamente todas las contrase\u00f1as e identificaciones de cuenta que se le hayan otorgado y denegaremos su acceso y uso de este Sitio en su totalidad o en parte.<br \/><br \/>Cualquier rescisi\u00f3n del presente acuerdo no afectar\u00e1 a los respectivos derechos y obligaciones (incluidas, entre otras, las obligaciones de pago) de las partes surgidos antes de la fecha de rescisi\u00f3n. Asimismo, acepta que el Sitio no ser\u00e1 responsable ante usted ni ante ninguna otra persona como consecuencia de dicha suspensi\u00f3n o rescisi\u00f3n. Si no est\u00e1 satisfecho con el Sitio o con cualquiera de los t\u00e9rminos, condiciones, normas, pol\u00edticas, directrices o pr\u00e1cticas de Skin Gourmet Services en el funcionamiento del Sitio, su \u00fanico y exclusivo recurso es dejar de utilizar el Sitio.<\/p>\t\t\t\t\t\t\t\t<\/div>\n\t\t\t\t<\/div>\n\t\t\t\t<\/div>\n\t\t\t\t<\/div>","protected":false},"excerpt":{"rendered":"<p>T\u00e9rminos y condiciones INTRODUCCI\u00d3N Bienvenido al sitio web skingourmet.com.gh (el \"Sitio\"). Los presentes t\u00e9rminos y condiciones (\"T\u00e9rminos y condiciones\") se aplican al Sitio y a todos los sitios de Internet operados por sus divisiones, subsidiarias y filiales que hagan referencia a estos T\u00e9rminos y condiciones. Al acceder al Sitio, usted confirma su comprensi\u00f3n de los T\u00e9rminos y Condiciones. En caso contrario<a href=\"https:\/\/skingourmet.com\/es\/terms-conditions\/\">Seguir leyendo <span class=\"sr-only\">\"Condiciones generales\"<\/span><\/a><\/p>","protected":false},"author":1,"featured_media":0,"parent":0,"menu_order":0,"comment_status":"closed","ping_status":"closed","template":"","meta":{"_acf_changed":false,"footnotes":""},"class_list":["post-510","page","type-page","status-publish","hentry"],"acf":[],"yoast_head":"<!-- This site is optimized with the Yoast SEO plugin v27.2 - https:\/\/yoast.com\/product\/yoast-seo-wordpress\/ -->\n<title>Terms &amp; Conditions - Skin Gourmet<\/title>\n<meta name=\"robots\" content=\"index, follow, max-snippet:-1, max-image-preview:large, max-video-preview:-1\" \/>\n<link rel=\"canonical\" href=\"https:\/\/skingourmet.com\/es\/terms-conditions\/\" \/>\n<meta property=\"og:locale\" content=\"es_ES\" \/>\n<meta property=\"og:type\" content=\"article\" \/>\n<meta property=\"og:title\" content=\"Terms &amp; Conditions - Skin Gourmet\" \/>\n<meta property=\"og:description\" content=\"Terms &amp; Conditions INTRODUCTION Welcome to skingourmet.com.gh website (the &#8220;Site&#8221;). These terms and conditions (&#8220;Terms and Conditions&#8221;) apply to the Site, and all of its divisions, subsidiaries, and affiliates operated Internet sites which reference these Terms and Conditions. By accessing the Site, you confirm your understanding of the Terms and Conditions. If you do notContinue reading &quot;Terms &#038; Conditions&quot;\" \/>\n<meta property=\"og:url\" content=\"https:\/\/skingourmet.com\/es\/terms-conditions\/\" \/>\n<meta property=\"og:site_name\" content=\"Skin Gourmet\" \/>\n<meta property=\"article:publisher\" content=\"https:\/\/www.facebook.com\/share\/1BhiN1f7rm\/?mibextid=wwXIfr\" \/>\n<meta property=\"article:modified_time\" content=\"2024-10-26T15:20:20+00:00\" \/>\n<meta name=\"twitter:card\" content=\"summary_large_image\" \/>\n<meta name=\"twitter:site\" content=\"@skingourmet\" \/>\n<meta name=\"twitter:label1\" content=\"Tiempo de lectura\" \/>\n\t<meta name=\"twitter:data1\" content=\"7 minutos\" \/>\n<script type=\"application\/ld+json\" class=\"yoast-schema-graph\">{\"@context\":\"https:\/\/schema.org\",\"@graph\":[{\"@type\":\"WebPage\",\"@id\":\"https:\/\/skingourmet.com\/terms-conditions\/\",\"url\":\"https:\/\/skingourmet.com\/terms-conditions\/\",\"name\":\"Terms & Conditions - Skin Gourmet\",\"isPartOf\":{\"@id\":\"https:\/\/skingourmet.com\/#website\"},\"datePublished\":\"2024-10-26T14:41:02+00:00\",\"dateModified\":\"2024-10-26T15:20:20+00:00\",\"breadcrumb\":{\"@id\":\"https:\/\/skingourmet.com\/terms-conditions\/#breadcrumb\"},\"inLanguage\":\"es\",\"potentialAction\":[{\"@type\":\"ReadAction\",\"target\":[\"https:\/\/skingourmet.com\/terms-conditions\/\"]}]},{\"@type\":\"BreadcrumbList\",\"@id\":\"https:\/\/skingourmet.com\/terms-conditions\/#breadcrumb\",\"itemListElement\":[{\"@type\":\"ListItem\",\"position\":1,\"name\":\"Home\",\"item\":\"https:\/\/skingourmet.com\/\"},{\"@type\":\"ListItem\",\"position\":2,\"name\":\"Terms &#038; Conditions\"}]},{\"@type\":\"WebSite\",\"@id\":\"https:\/\/skingourmet.com\/#website\",\"url\":\"https:\/\/skingourmet.com\/\",\"name\":\"Skin Gourmet\",\"description\":\"Raw Edible Skincare Sourced From The Wild\",\"publisher\":{\"@id\":\"https:\/\/skingourmet.com\/#organization\"},\"potentialAction\":[{\"@type\":\"SearchAction\",\"target\":{\"@type\":\"EntryPoint\",\"urlTemplate\":\"https:\/\/skingourmet.com\/?s={search_term_string}\"},\"query-input\":{\"@type\":\"PropertyValueSpecification\",\"valueRequired\":true,\"valueName\":\"search_term_string\"}}],\"inLanguage\":\"es\"},{\"@type\":\"Organization\",\"@id\":\"https:\/\/skingourmet.com\/#organization\",\"name\":\"Skin Gourmet\",\"url\":\"https:\/\/skingourmet.com\/\",\"logo\":{\"@type\":\"ImageObject\",\"inLanguage\":\"es\",\"@id\":\"https:\/\/skingourmet.com\/#\/schema\/logo\/image\/\",\"url\":\"https:\/\/skingourmet.com\/wp-content\/uploads\/2024\/09\/logo.webp\",\"contentUrl\":\"https:\/\/skingourmet.com\/wp-content\/uploads\/2024\/09\/logo.webp\",\"width\":688,\"height\":200,\"caption\":\"Skin Gourmet\"},\"image\":{\"@id\":\"https:\/\/skingourmet.com\/#\/schema\/logo\/image\/\"},\"sameAs\":[\"https:\/\/www.facebook.com\/share\/1BhiN1f7rm\/?mibextid=wwXIfr\",\"https:\/\/x.com\/skingourmet\",\"https:\/\/www.instagram.com\/skingourmetgh\"]}]}<\/script>\n<!-- \/ Yoast SEO plugin. -->","yoast_head_json":{"title":"Terms & Conditions - Skin Gourmet","robots":{"index":"index","follow":"follow","max-snippet":"max-snippet:-1","max-image-preview":"max-image-preview:large","max-video-preview":"max-video-preview:-1"},"canonical":"https:\/\/skingourmet.com\/es\/terms-conditions\/","og_locale":"es_ES","og_type":"article","og_title":"Terms & Conditions - Skin Gourmet","og_description":"Terms &amp; Conditions INTRODUCTION Welcome to skingourmet.com.gh website (the &#8220;Site&#8221;). These terms and conditions (&#8220;Terms and Conditions&#8221;) apply to the Site, and all of its divisions, subsidiaries, and affiliates operated Internet sites which reference these Terms and Conditions. By accessing the Site, you confirm your understanding of the Terms and Conditions. If you do notContinue reading \"Terms &#038; Conditions\"","og_url":"https:\/\/skingourmet.com\/es\/terms-conditions\/","og_site_name":"Skin Gourmet","article_publisher":"https:\/\/www.facebook.com\/share\/1BhiN1f7rm\/?mibextid=wwXIfr","article_modified_time":"2024-10-26T15:20:20+00:00","twitter_card":"summary_large_image","twitter_site":"@skingourmet","twitter_misc":{"Tiempo de lectura":"7 minutos"},"schema":{"@context":"https:\/\/schema.org","@graph":[{"@type":"WebPage","@id":"https:\/\/skingourmet.com\/terms-conditions\/","url":"https:\/\/skingourmet.com\/terms-conditions\/","name":"Terms & Conditions - Skin Gourmet","isPartOf":{"@id":"https:\/\/skingourmet.com\/#website"},"datePublished":"2024-10-26T14:41:02+00:00","dateModified":"2024-10-26T15:20:20+00:00","breadcrumb":{"@id":"https:\/\/skingourmet.com\/terms-conditions\/#breadcrumb"},"inLanguage":"es","potentialAction":[{"@type":"ReadAction","target":["https:\/\/skingourmet.com\/terms-conditions\/"]}]},{"@type":"BreadcrumbList","@id":"https:\/\/skingourmet.com\/terms-conditions\/#breadcrumb","itemListElement":[{"@type":"ListItem","position":1,"name":"Home","item":"https:\/\/skingourmet.com\/"},{"@type":"ListItem","position":2,"name":"Terms &#038; Conditions"}]},{"@type":"WebSite","@id":"https:\/\/skingourmet.com\/#website","url":"https:\/\/skingourmet.com\/","name":"Piel Gourmet","description":"Cuidado de la piel crudo y comestible de origen silvestre","publisher":{"@id":"https:\/\/skingourmet.com\/#organization"},"potentialAction":[{"@type":"SearchAction","target":{"@type":"EntryPoint","urlTemplate":"https:\/\/skingourmet.com\/?s={search_term_string}"},"query-input":{"@type":"PropertyValueSpecification","valueRequired":true,"valueName":"search_term_string"}}],"inLanguage":"es"},{"@type":"Organization","@id":"https:\/\/skingourmet.com\/#organization","name":"Piel Gourmet","url":"https:\/\/skingourmet.com\/","logo":{"@type":"ImageObject","inLanguage":"es","@id":"https:\/\/skingourmet.com\/#\/schema\/logo\/image\/","url":"https:\/\/skingourmet.com\/wp-content\/uploads\/2024\/09\/logo.webp","contentUrl":"https:\/\/skingourmet.com\/wp-content\/uploads\/2024\/09\/logo.webp","width":688,"height":200,"caption":"Skin Gourmet"},"image":{"@id":"https:\/\/skingourmet.com\/#\/schema\/logo\/image\/"},"sameAs":["https:\/\/www.facebook.com\/share\/1BhiN1f7rm\/?mibextid=wwXIfr","https:\/\/x.com\/skingourmet","https:\/\/www.instagram.com\/skingourmetgh"]}]}},"_links":{"self":[{"href":"https:\/\/skingourmet.com\/es\/wp-json\/wp\/v2\/pages\/510","targetHints":{"allow":["GET"]}}],"collection":[{"href":"https:\/\/skingourmet.com\/es\/wp-json\/wp\/v2\/pages"}],"about":[{"href":"https:\/\/skingourmet.com\/es\/wp-json\/wp\/v2\/types\/page"}],"author":[{"embeddable":true,"href":"https:\/\/skingourmet.com\/es\/wp-json\/wp\/v2\/users\/1"}],"replies":[{"embeddable":true,"href":"https:\/\/skingourmet.com\/es\/wp-json\/wp\/v2\/comments?post=510"}],"version-history":[{"count":10,"href":"https:\/\/skingourmet.com\/es\/wp-json\/wp\/v2\/pages\/510\/revisions"}],"predecessor-version":[{"id":533,"href":"https:\/\/skingourmet.com\/es\/wp-json\/wp\/v2\/pages\/510\/revisions\/533"}],"wp:attachment":[{"href":"https:\/\/skingourmet.com\/es\/wp-json\/wp\/v2\/media?parent=510"}],"curies":[{"name":"wp","href":"https:\/\/api.w.org\/{rel}","templated":true}]}}