{"id":499,"date":"2024-10-26T07:32:07","date_gmt":"2024-10-26T07:32:07","guid":{"rendered":"https:\/\/skingourmet.com\/?page_id=499"},"modified":"2024-11-04T21:30:50","modified_gmt":"2024-11-04T21:30:50","slug":"product-guide","status":"publish","type":"page","link":"https:\/\/skingourmet.com\/es\/product-guide\/","title":{"rendered":"Gu\u00eda de productos"},"content":{"rendered":"<div data-elementor-type=\"wp-page\" data-elementor-id=\"499\" class=\"elementor elementor-499\" data-elementor-post-type=\"page\">\n\t\t\t\t<div class=\"elementor-element elementor-element-9303b49 e-con-full e-flex e-con e-parent\" data-id=\"9303b49\" data-element_type=\"container\" data-e-type=\"container\" data-settings=\"{&quot;background_background&quot;:&quot;classic&quot;}\">\n\t\t\t\t<div class=\"elementor-element elementor-element-4f4093a elementor-widget elementor-widget-heading\" data-id=\"4f4093a\" data-element_type=\"widget\" data-e-type=\"widget\" data-widget_type=\"heading.default\">\n\t\t\t\t<div class=\"elementor-widget-container\">\n\t\t\t\t\t<h1 class=\"elementor-heading-title elementor-size-default\">Gu\u00eda de productos<\/h1>\t\t\t\t<\/div>\n\t\t\t\t<\/div>\n\t\t\t\t<\/div>\n\t\t<div class=\"elementor-element elementor-element-40b8ba6 e-con-full e-flex e-con e-parent\" data-id=\"40b8ba6\" data-element_type=\"container\" data-e-type=\"container\" data-settings=\"{&quot;background_background&quot;:&quot;classic&quot;}\">\n\t\t<div class=\"elementor-element elementor-element-3271a57 e-con-full e-flex e-con e-child\" data-id=\"3271a57\" data-element_type=\"container\" data-e-type=\"container\">\n\t\t\t\t<div class=\"elementor-element elementor-element-4ce4787 elementor-widget elementor-widget-image\" data-id=\"4ce4787\" data-element_type=\"widget\" data-e-type=\"widget\" data-widget_type=\"image.default\">\n\t\t\t\t<div class=\"elementor-widget-container\">\n\t\t\t\t\t\t\t\t\t\t\t\t\t\t\t<img fetchpriority=\"high\" decoding=\"async\" width=\"808\" height=\"500\" src=\"https:\/\/skingourmet.com\/wp-content\/uploads\/2024\/10\/Rectangle-29.webp\" class=\"attachment-full size-full wp-image-502\" alt=\"\" srcset=\"https:\/\/skingourmet.com\/wp-content\/uploads\/2024\/10\/Rectangle-29.webp 808w, https:\/\/skingourmet.com\/wp-content\/uploads\/2024\/10\/Rectangle-29-300x186.webp 300w, https:\/\/skingourmet.com\/wp-content\/uploads\/2024\/10\/Rectangle-29-768x475.webp 768w, https:\/\/skingourmet.com\/wp-content\/uploads\/2024\/10\/Rectangle-29-456x282.webp 456w\" sizes=\"(max-width: 808px) 100vw, 808px\" \/>\t\t\t\t\t\t\t\t\t\t\t\t\t\t\t<\/div>\n\t\t\t\t<\/div>\n\t\t\t\t<\/div>\n\t\t<div class=\"elementor-element elementor-element-3af52e9 e-con-full e-flex e-con e-child\" data-id=\"3af52e9\" data-element_type=\"container\" data-e-type=\"container\">\n\t\t\t\t<div class=\"elementor-element elementor-element-8299438 elementor-widget__width-initial elementor-widget elementor-widget-heading\" data-id=\"8299438\" data-element_type=\"widget\" data-e-type=\"widget\" data-widget_type=\"heading.default\">\n\t\t\t\t<div class=\"elementor-widget-container\">\n\t\t\t\t\t<h2 class=\"elementor-heading-title elementor-size-default\">Ahorre dinero en recargas, devoluciones y reutilizaci\u00f3n<\/h2>\t\t\t\t<\/div>\n\t\t\t\t<\/div>\n\t\t\t\t<div class=\"elementor-element elementor-element-b68216c elementor-align-justify skin-insta-btn elementor-widget__width-initial elementor-widget elementor-widget-button\" data-id=\"b68216c\" data-element_type=\"widget\" data-e-type=\"widget\" data-widget_type=\"button.default\">\n\t\t\t\t<div class=\"elementor-widget-container\">\n\t\t\t\t\t\t\t\t\t<div class=\"elementor-button-wrapper\">\n\t\t\t\t\t<a class=\"elementor-button elementor-button-link elementor-size-sm\" href=\"#\" target=\"_blank\">\n\t\t\t\t\t\t<span class=\"elementor-button-content-wrapper\">\n\t\t\t\t\t\t\t\t\t<span class=\"elementor-button-text\">Ver<\/span>\n\t\t\t\t\t<\/span>\n\t\t\t\t\t<\/a>\n\t\t\t\t<\/div>\n\t\t\t\t\t\t\t\t<\/div>\n\t\t\t\t<\/div>\n\t\t\t\t<\/div>\n\t\t\t\t<\/div>\n\t\t<div class=\"elementor-element elementor-element-f868c99 e-con-full e-flex e-con e-parent\" data-id=\"f868c99\" data-element_type=\"container\" data-e-type=\"container\" data-settings=\"{&quot;background_background&quot;:&quot;classic&quot;}\">\n\t\t<div class=\"elementor-element elementor-element-994cc4a e-con-full e-flex e-con e-child\" data-id=\"994cc4a\" data-element_type=\"container\" data-e-type=\"container\">\n\t\t\t\t<div class=\"elementor-element elementor-element-65629d5 elementor-widget__width-initial elementor-widget elementor-widget-heading\" data-id=\"65629d5\" data-element_type=\"widget\" data-e-type=\"widget\" data-widget_type=\"heading.default\">\n\t\t\t\t<div class=\"elementor-widget-container\">\n\t\t\t\t\t<h2 class=\"elementor-heading-title elementor-size-default\">El Look Book completo<\/h2>\t\t\t\t<\/div>\n\t\t\t\t<\/div>\n\t\t\t\t<div class=\"elementor-element elementor-element-c2b4887 elementor-align-justify skin-insta-btn elementor-widget__width-initial elementor-widget elementor-widget-button\" data-id=\"c2b4887\" data-element_type=\"widget\" data-e-type=\"widget\" data-widget_type=\"button.default\">\n\t\t\t\t<div class=\"elementor-widget-container\">\n\t\t\t\t\t\t\t\t\t<div class=\"elementor-button-wrapper\">\n\t\t\t\t\t<a class=\"elementor-button elementor-button-link elementor-size-sm\" href=\"#\" target=\"_blank\">\n\t\t\t\t\t\t<span class=\"elementor-button-content-wrapper\">\n\t\t\t\t\t\t\t\t\t<span class=\"elementor-button-text\">Ver<\/span>\n\t\t\t\t\t<\/span>\n\t\t\t\t\t<\/a>\n\t\t\t\t<\/div>\n\t\t\t\t\t\t\t\t<\/div>\n\t\t\t\t<\/div>\n\t\t\t\t<\/div>\n\t\t<div class=\"elementor-element elementor-element-9c935cc e-con-full e-flex e-con e-child\" data-id=\"9c935cc\" data-element_type=\"container\" data-e-type=\"container\">\n\t\t\t\t<div class=\"elementor-element elementor-element-51314a6 elementor-widget elementor-widget-image\" data-id=\"51314a6\" data-element_type=\"widget\" data-e-type=\"widget\" data-widget_type=\"image.default\">\n\t\t\t\t<div class=\"elementor-widget-container\">\n\t\t\t\t\t\t\t\t\t\t\t\t\t\t\t<img decoding=\"async\" width=\"1504\" height=\"2005\" src=\"https:\/\/skingourmet.com\/wp-content\/uploads\/2024\/10\/a461d779b053111868bdadff7d61d654.webp\" class=\"attachment-full size-full wp-image-503\" alt=\"\" srcset=\"https:\/\/skingourmet.com\/wp-content\/uploads\/2024\/10\/a461d779b053111868bdadff7d61d654.webp 1504w, https:\/\/skingourmet.com\/wp-content\/uploads\/2024\/10\/a461d779b053111868bdadff7d61d654-225x300.webp 225w, https:\/\/skingourmet.com\/wp-content\/uploads\/2024\/10\/a461d779b053111868bdadff7d61d654-768x1024.webp 768w, https:\/\/skingourmet.com\/wp-content\/uploads\/2024\/10\/a461d779b053111868bdadff7d61d654-1152x1536.webp 1152w, https:\/\/skingourmet.com\/wp-content\/uploads\/2024\/10\/a461d779b053111868bdadff7d61d654-456x608.webp 456w\" sizes=\"(max-width: 1504px) 100vw, 1504px\" \/>\t\t\t\t\t\t\t\t\t\t\t\t\t\t\t<\/div>\n\t\t\t\t<\/div>\n\t\t\t\t<\/div>\n\t\t\t\t<\/div>\n\t\t<div class=\"elementor-element elementor-element-1930146 e-con-full e-flex e-con e-parent\" data-id=\"1930146\" data-element_type=\"container\" data-e-type=\"container\" data-settings=\"{&quot;background_background&quot;:&quot;classic&quot;}\">\n\t\t<div class=\"elementor-element elementor-element-6fc153c e-con-full e-flex e-con e-child\" data-id=\"6fc153c\" data-element_type=\"container\" data-e-type=\"container\">\n\t\t\t\t<div class=\"elementor-element elementor-element-bb55099 elementor-widget elementor-widget-image\" data-id=\"bb55099\" data-element_type=\"widget\" data-e-type=\"widget\" data-widget_type=\"image.default\">\n\t\t\t\t<div class=\"elementor-widget-container\">\n\t\t\t\t\t\t\t\t\t\t\t\t\t\t\t<img decoding=\"async\" width=\"2048\" height=\"1366\" src=\"https:\/\/skingourmet.com\/wp-content\/uploads\/2024\/10\/77f51d0a24aaa916a51e8e7ac95242cf.webp\" class=\"attachment-full size-full wp-image-504\" alt=\"\" srcset=\"https:\/\/skingourmet.com\/wp-content\/uploads\/2024\/10\/77f51d0a24aaa916a51e8e7ac95242cf.webp 2048w, https:\/\/skingourmet.com\/wp-content\/uploads\/2024\/10\/77f51d0a24aaa916a51e8e7ac95242cf-300x200.webp 300w, https:\/\/skingourmet.com\/wp-content\/uploads\/2024\/10\/77f51d0a24aaa916a51e8e7ac95242cf-1024x683.webp 1024w, https:\/\/skingourmet.com\/wp-content\/uploads\/2024\/10\/77f51d0a24aaa916a51e8e7ac95242cf-768x512.webp 768w, https:\/\/skingourmet.com\/wp-content\/uploads\/2024\/10\/77f51d0a24aaa916a51e8e7ac95242cf-1536x1025.webp 1536w, https:\/\/skingourmet.com\/wp-content\/uploads\/2024\/10\/77f51d0a24aaa916a51e8e7ac95242cf-456x304.webp 456w\" sizes=\"(max-width: 2048px) 100vw, 2048px\" \/>\t\t\t\t\t\t\t\t\t\t\t\t\t\t\t<\/div>\n\t\t\t\t<\/div>\n\t\t\t\t<\/div>\n\t\t<div class=\"elementor-element elementor-element-2ba571f e-con-full e-flex e-con e-child\" data-id=\"2ba571f\" data-element_type=\"container\" data-e-type=\"container\">\n\t\t\t\t<div class=\"elementor-element elementor-element-3362ef4 elementor-widget__width-initial elementor-widget elementor-widget-heading\" data-id=\"3362ef4\" data-element_type=\"widget\" data-e-type=\"widget\" data-widget_type=\"heading.default\">\n\t\t\t\t<div class=\"elementor-widget-container\">\n\t\t\t\t\t<h2 class=\"elementor-heading-title elementor-size-default\">Gu\u00eda completa de productos<\/h2>\t\t\t\t<\/div>\n\t\t\t\t<\/div>\n\t\t\t\t<div class=\"elementor-element elementor-element-01f9643 elementor-align-justify skin-insta-btn elementor-widget__width-initial elementor-widget elementor-widget-button\" data-id=\"01f9643\" data-element_type=\"widget\" data-e-type=\"widget\" data-widget_type=\"button.default\">\n\t\t\t\t<div class=\"elementor-widget-container\">\n\t\t\t\t\t\t\t\t\t<div class=\"elementor-button-wrapper\">\n\t\t\t\t\t<a class=\"elementor-button elementor-button-link elementor-size-sm\" href=\"#\" target=\"_blank\">\n\t\t\t\t\t\t<span class=\"elementor-button-content-wrapper\">\n\t\t\t\t\t\t\t\t\t<span class=\"elementor-button-text\">Ver<\/span>\n\t\t\t\t\t<\/span>\n\t\t\t\t\t<\/a>\n\t\t\t\t<\/div>\n\t\t\t\t\t\t\t\t<\/div>\n\t\t\t\t<\/div>\n\t\t\t\t<\/div>\n\t\t\t\t<\/div>\n\t\t<div class=\"elementor-element elementor-element-be9311d e-con-full e-flex e-con e-parent\" data-id=\"be9311d\" data-element_type=\"container\" data-e-type=\"container\" data-settings=\"{&quot;background_background&quot;:&quot;classic&quot;}\">\n\t\t<div class=\"elementor-element elementor-element-910c709 e-con-full e-flex e-con e-child\" data-id=\"910c709\" data-element_type=\"container\" data-e-type=\"container\">\n\t\t\t\t<div class=\"elementor-element elementor-element-8e4c374 elementor-widget__width-initial elementor-widget elementor-widget-heading\" data-id=\"8e4c374\" data-element_type=\"widget\" data-e-type=\"widget\" data-widget_type=\"heading.default\">\n\t\t\t\t<div class=\"elementor-widget-container\">\n\t\t\t\t\t<h2 class=\"elementor-heading-title elementor-size-default\">La gu\u00eda completa del jab\u00f3n negro<\/h2>\t\t\t\t<\/div>\n\t\t\t\t<\/div>\n\t\t\t\t<div class=\"elementor-element elementor-element-f4bd3bd elementor-align-justify skin-insta-btn elementor-widget__width-initial elementor-widget elementor-widget-button\" data-id=\"f4bd3bd\" data-element_type=\"widget\" data-e-type=\"widget\" data-widget_type=\"button.default\">\n\t\t\t\t<div class=\"elementor-widget-container\">\n\t\t\t\t\t\t\t\t\t<div class=\"elementor-button-wrapper\">\n\t\t\t\t\t<a class=\"elementor-button elementor-button-link elementor-size-sm\" href=\"#\" target=\"_blank\">\n\t\t\t\t\t\t<span class=\"elementor-button-content-wrapper\">\n\t\t\t\t\t\t\t\t\t<span class=\"elementor-button-text\">Ver<\/span>\n\t\t\t\t\t<\/span>\n\t\t\t\t\t<\/a>\n\t\t\t\t<\/div>\n\t\t\t\t\t\t\t\t<\/div>\n\t\t\t\t<\/div>\n\t\t\t\t<\/div>\n\t\t<div class=\"elementor-element elementor-element-23be90b e-con-full e-flex e-con e-child\" data-id=\"23be90b\" data-element_type=\"container\" data-e-type=\"container\">\n\t\t\t\t<div class=\"elementor-element elementor-element-568ffb0 elementor-widget elementor-widget-image\" data-id=\"568ffb0\" data-element_type=\"widget\" data-e-type=\"widget\" data-widget_type=\"image.default\">\n\t\t\t\t<div class=\"elementor-widget-container\">\n\t\t\t\t\t\t\t\t\t\t\t\t\t\t\t<img loading=\"lazy\" decoding=\"async\" width=\"1386\" height=\"2048\" src=\"https:\/\/skingourmet.com\/wp-content\/uploads\/2024\/10\/1f22ea18bb082d2c5464d8c28dcc6b19.webp\" class=\"attachment-full size-full wp-image-505\" alt=\"\" srcset=\"https:\/\/skingourmet.com\/wp-content\/uploads\/2024\/10\/1f22ea18bb082d2c5464d8c28dcc6b19.webp 1386w, https:\/\/skingourmet.com\/wp-content\/uploads\/2024\/10\/1f22ea18bb082d2c5464d8c28dcc6b19-203x300.webp 203w, https:\/\/skingourmet.com\/wp-content\/uploads\/2024\/10\/1f22ea18bb082d2c5464d8c28dcc6b19-693x1024.webp 693w, https:\/\/skingourmet.com\/wp-content\/uploads\/2024\/10\/1f22ea18bb082d2c5464d8c28dcc6b19-768x1135.webp 768w, https:\/\/skingourmet.com\/wp-content\/uploads\/2024\/10\/1f22ea18bb082d2c5464d8c28dcc6b19-1040x1536.webp 1040w, https:\/\/skingourmet.com\/wp-content\/uploads\/2024\/10\/1f22ea18bb082d2c5464d8c28dcc6b19-456x674.webp 456w\" sizes=\"(max-width: 1386px) 100vw, 1386px\" \/>\t\t\t\t\t\t\t\t\t\t\t\t\t\t\t<\/div>\n\t\t\t\t<\/div>\n\t\t\t\t<\/div>\n\t\t\t\t<\/div>\n\t\t<div class=\"elementor-element elementor-element-9df7e3f e-con-full e-flex e-con e-parent\" data-id=\"9df7e3f\" data-element_type=\"container\" data-e-type=\"container\" data-settings=\"{&quot;background_background&quot;:&quot;classic&quot;}\">\n\t\t<div class=\"elementor-element elementor-element-a455285 e-con-full e-flex e-con e-child\" data-id=\"a455285\" data-element_type=\"container\" data-e-type=\"container\">\n\t\t\t\t<div class=\"elementor-element elementor-element-0242137 elementor-widget elementor-widget-image\" data-id=\"0242137\" data-element_type=\"widget\" data-e-type=\"widget\" data-widget_type=\"image.default\">\n\t\t\t\t<div class=\"elementor-widget-container\">\n\t\t\t\t\t\t\t\t\t\t\t\t\t\t\t<img loading=\"lazy\" decoding=\"async\" width=\"2048\" height=\"1366\" src=\"https:\/\/skingourmet.com\/wp-content\/uploads\/2024\/10\/9d0725dcb2cdd3688a900299262bdc26-1.webp\" class=\"attachment-full size-full wp-image-506\" alt=\"\" srcset=\"https:\/\/skingourmet.com\/wp-content\/uploads\/2024\/10\/9d0725dcb2cdd3688a900299262bdc26-1.webp 2048w, https:\/\/skingourmet.com\/wp-content\/uploads\/2024\/10\/9d0725dcb2cdd3688a900299262bdc26-1-300x200.webp 300w, https:\/\/skingourmet.com\/wp-content\/uploads\/2024\/10\/9d0725dcb2cdd3688a900299262bdc26-1-1024x683.webp 1024w, https:\/\/skingourmet.com\/wp-content\/uploads\/2024\/10\/9d0725dcb2cdd3688a900299262bdc26-1-768x512.webp 768w, https:\/\/skingourmet.com\/wp-content\/uploads\/2024\/10\/9d0725dcb2cdd3688a900299262bdc26-1-1536x1025.webp 1536w, https:\/\/skingourmet.com\/wp-content\/uploads\/2024\/10\/9d0725dcb2cdd3688a900299262bdc26-1-456x304.webp 456w\" sizes=\"(max-width: 2048px) 100vw, 2048px\" \/>\t\t\t\t\t\t\t\t\t\t\t\t\t\t\t<\/div>\n\t\t\t\t<\/div>\n\t\t\t\t<\/div>\n\t\t<div class=\"elementor-element elementor-element-ca388ad e-con-full e-flex e-con e-child\" data-id=\"ca388ad\" data-element_type=\"container\" data-e-type=\"container\">\n\t\t\t\t<div class=\"elementor-element elementor-element-d2a3223 elementor-widget__width-initial elementor-widget elementor-widget-heading\" data-id=\"d2a3223\" data-element_type=\"widget\" data-e-type=\"widget\" data-widget_type=\"heading.default\">\n\t\t\t\t<div class=\"elementor-widget-container\">\n\t\t\t\t\t<h2 class=\"elementor-heading-title elementor-size-default\">La gu\u00eda de m\u00e1scaras de Ghana<\/h2>\t\t\t\t<\/div>\n\t\t\t\t<\/div>\n\t\t\t\t<div class=\"elementor-element elementor-element-55d4d89 elementor-align-justify skin-insta-btn elementor-widget__width-initial elementor-widget elementor-widget-button\" data-id=\"55d4d89\" data-element_type=\"widget\" data-e-type=\"widget\" data-widget_type=\"button.default\">\n\t\t\t\t<div class=\"elementor-widget-container\">\n\t\t\t\t\t\t\t\t\t<div class=\"elementor-button-wrapper\">\n\t\t\t\t\t<a class=\"elementor-button elementor-button-link elementor-size-sm\" href=\"#\" target=\"_blank\">\n\t\t\t\t\t\t<span class=\"elementor-button-content-wrapper\">\n\t\t\t\t\t\t\t\t\t<span class=\"elementor-button-text\">Ver<\/span>\n\t\t\t\t\t<\/span>\n\t\t\t\t\t<\/a>\n\t\t\t\t<\/div>\n\t\t\t\t\t\t\t\t<\/div>\n\t\t\t\t<\/div>\n\t\t\t\t<\/div>\n\t\t\t\t<\/div>\n\t\t\t\t<\/div>","protected":false},"excerpt":{"rendered":"<p>Gu\u00eda de productos Ahorre dinero en recargas, devoluciones y reutilizaci\u00f3n Ver El look book completo Ver La gu\u00eda completa de productos Ver La gu\u00eda completa del jab\u00f3n negro Ver La gu\u00eda de mascarillas de Ghana Ver<\/p>","protected":false},"author":1,"featured_media":0,"parent":0,"menu_order":0,"comment_status":"closed","ping_status":"closed","template":"","meta":{"_acf_changed":false,"footnotes":""},"class_list":["post-499","page","type-page","status-publish","hentry"],"acf":[],"yoast_head":"<!-- This site is optimized with the Yoast SEO plugin v27.2 - https:\/\/yoast.com\/product\/yoast-seo-wordpress\/ -->\n<title>Product Guide - Skin Gourmet<\/title>\n<meta name=\"robots\" content=\"index, follow, max-snippet:-1, max-image-preview:large, max-video-preview:-1\" \/>\n<link rel=\"canonical\" href=\"https:\/\/skingourmet.com\/es\/product-guide\/\" \/>\n<meta property=\"og:locale\" content=\"es_ES\" \/>\n<meta property=\"og:type\" content=\"article\" \/>\n<meta property=\"og:title\" content=\"Product Guide - Skin Gourmet\" \/>\n<meta property=\"og:description\" content=\"Product Guide Save Money On Refills, Returns &amp; Reuse View The Complete Look Book View The Complete Product Guide View The Complete Black Soap Guide View The Ghana Mask Guide View\" \/>\n<meta property=\"og:url\" content=\"https:\/\/skingourmet.com\/es\/product-guide\/\" \/>\n<meta property=\"og:site_name\" content=\"Skin Gourmet\" \/>\n<meta property=\"article:publisher\" content=\"https:\/\/www.facebook.com\/share\/1BhiN1f7rm\/?mibextid=wwXIfr\" \/>\n<meta property=\"article:modified_time\" content=\"2024-11-04T21:30:50+00:00\" \/>\n<meta property=\"og:image\" content=\"https:\/\/skingourmet.com\/wp-content\/uploads\/2024\/10\/Rectangle-29.webp\" \/>\n\t<meta property=\"og:image:width\" content=\"808\" \/>\n\t<meta property=\"og:image:height\" content=\"500\" \/>\n\t<meta property=\"og:image:type\" content=\"image\/webp\" \/>\n<meta name=\"twitter:card\" content=\"summary_large_image\" \/>\n<meta name=\"twitter:site\" content=\"@skingourmet\" \/>\n<script type=\"application\/ld+json\" class=\"yoast-schema-graph\">{\"@context\":\"https:\/\/schema.org\",\"@graph\":[{\"@type\":\"WebPage\",\"@id\":\"https:\/\/skingourmet.com\/product-guide\/\",\"url\":\"https:\/\/skingourmet.com\/product-guide\/\",\"name\":\"Product Guide - Skin Gourmet\",\"isPartOf\":{\"@id\":\"https:\/\/skingourmet.com\/#website\"},\"primaryImageOfPage\":{\"@id\":\"https:\/\/skingourmet.com\/product-guide\/#primaryimage\"},\"image\":{\"@id\":\"https:\/\/skingourmet.com\/product-guide\/#primaryimage\"},\"thumbnailUrl\":\"https:\/\/skingourmet.com\/wp-content\/uploads\/2024\/10\/Rectangle-29.webp\",\"datePublished\":\"2024-10-26T07:32:07+00:00\",\"dateModified\":\"2024-11-04T21:30:50+00:00\",\"breadcrumb\":{\"@id\":\"https:\/\/skingourmet.com\/product-guide\/#breadcrumb\"},\"inLanguage\":\"es\",\"potentialAction\":[{\"@type\":\"ReadAction\",\"target\":[\"https:\/\/skingourmet.com\/product-guide\/\"]}]},{\"@type\":\"ImageObject\",\"inLanguage\":\"es\",\"@id\":\"https:\/\/skingourmet.com\/product-guide\/#primaryimage\",\"url\":\"https:\/\/skingourmet.com\/wp-content\/uploads\/2024\/10\/Rectangle-29.webp\",\"contentUrl\":\"https:\/\/skingourmet.com\/wp-content\/uploads\/2024\/10\/Rectangle-29.webp\"},{\"@type\":\"BreadcrumbList\",\"@id\":\"https:\/\/skingourmet.com\/product-guide\/#breadcrumb\",\"itemListElement\":[{\"@type\":\"ListItem\",\"position\":1,\"name\":\"Home\",\"item\":\"https:\/\/skingourmet.com\/\"},{\"@type\":\"ListItem\",\"position\":2,\"name\":\"Product Guide\"}]},{\"@type\":\"WebSite\",\"@id\":\"https:\/\/skingourmet.com\/#website\",\"url\":\"https:\/\/skingourmet.com\/\",\"name\":\"Skin Gourmet\",\"description\":\"Raw Edible Skincare Sourced From The Wild\",\"publisher\":{\"@id\":\"https:\/\/skingourmet.com\/#organization\"},\"potentialAction\":[{\"@type\":\"SearchAction\",\"target\":{\"@type\":\"EntryPoint\",\"urlTemplate\":\"https:\/\/skingourmet.com\/?s={search_term_string}\"},\"query-input\":{\"@type\":\"PropertyValueSpecification\",\"valueRequired\":true,\"valueName\":\"search_term_string\"}}],\"inLanguage\":\"es\"},{\"@type\":\"Organization\",\"@id\":\"https:\/\/skingourmet.com\/#organization\",\"name\":\"Skin Gourmet\",\"url\":\"https:\/\/skingourmet.com\/\",\"logo\":{\"@type\":\"ImageObject\",\"inLanguage\":\"es\",\"@id\":\"https:\/\/skingourmet.com\/#\/schema\/logo\/image\/\",\"url\":\"https:\/\/skingourmet.com\/wp-content\/uploads\/2024\/09\/logo.webp\",\"contentUrl\":\"https:\/\/skingourmet.com\/wp-content\/uploads\/2024\/09\/logo.webp\",\"width\":688,\"height\":200,\"caption\":\"Skin Gourmet\"},\"image\":{\"@id\":\"https:\/\/skingourmet.com\/#\/schema\/logo\/image\/\"},\"sameAs\":[\"https:\/\/www.facebook.com\/share\/1BhiN1f7rm\/?mibextid=wwXIfr\",\"https:\/\/x.com\/skingourmet\",\"https:\/\/www.instagram.com\/skingourmetgh\"]}]}<\/script>\n<!-- \/ Yoast SEO plugin. -->","yoast_head_json":{"title":"Product Guide - Skin Gourmet","robots":{"index":"index","follow":"follow","max-snippet":"max-snippet:-1","max-image-preview":"max-image-preview:large","max-video-preview":"max-video-preview:-1"},"canonical":"https:\/\/skingourmet.com\/es\/product-guide\/","og_locale":"es_ES","og_type":"article","og_title":"Product Guide - Skin Gourmet","og_description":"Product Guide Save Money On Refills, Returns &amp; Reuse View The Complete Look Book View The Complete Product Guide View The Complete Black Soap Guide View The Ghana Mask Guide View","og_url":"https:\/\/skingourmet.com\/es\/product-guide\/","og_site_name":"Skin Gourmet","article_publisher":"https:\/\/www.facebook.com\/share\/1BhiN1f7rm\/?mibextid=wwXIfr","article_modified_time":"2024-11-04T21:30:50+00:00","og_image":[{"width":808,"height":500,"url":"https:\/\/skingourmet.com\/wp-content\/uploads\/2024\/10\/Rectangle-29.webp","type":"image\/webp"}],"twitter_card":"summary_large_image","twitter_site":"@skingourmet","schema":{"@context":"https:\/\/schema.org","@graph":[{"@type":"WebPage","@id":"https:\/\/skingourmet.com\/product-guide\/","url":"https:\/\/skingourmet.com\/product-guide\/","name":"Product Guide - Skin Gourmet","isPartOf":{"@id":"https:\/\/skingourmet.com\/#website"},"primaryImageOfPage":{"@id":"https:\/\/skingourmet.com\/product-guide\/#primaryimage"},"image":{"@id":"https:\/\/skingourmet.com\/product-guide\/#primaryimage"},"thumbnailUrl":"https:\/\/skingourmet.com\/wp-content\/uploads\/2024\/10\/Rectangle-29.webp","datePublished":"2024-10-26T07:32:07+00:00","dateModified":"2024-11-04T21:30:50+00:00","breadcrumb":{"@id":"https:\/\/skingourmet.com\/product-guide\/#breadcrumb"},"inLanguage":"es","potentialAction":[{"@type":"ReadAction","target":["https:\/\/skingourmet.com\/product-guide\/"]}]},{"@type":"ImageObject","inLanguage":"es","@id":"https:\/\/skingourmet.com\/product-guide\/#primaryimage","url":"https:\/\/skingourmet.com\/wp-content\/uploads\/2024\/10\/Rectangle-29.webp","contentUrl":"https:\/\/skingourmet.com\/wp-content\/uploads\/2024\/10\/Rectangle-29.webp"},{"@type":"BreadcrumbList","@id":"https:\/\/skingourmet.com\/product-guide\/#breadcrumb","itemListElement":[{"@type":"ListItem","position":1,"name":"Home","item":"https:\/\/skingourmet.com\/"},{"@type":"ListItem","position":2,"name":"Product Guide"}]},{"@type":"WebSite","@id":"https:\/\/skingourmet.com\/#website","url":"https:\/\/skingourmet.com\/","name":"Piel Gourmet","description":"Cuidado de la piel crudo y comestible de origen silvestre","publisher":{"@id":"https:\/\/skingourmet.com\/#organization"},"potentialAction":[{"@type":"SearchAction","target":{"@type":"EntryPoint","urlTemplate":"https:\/\/skingourmet.com\/?s={search_term_string}"},"query-input":{"@type":"PropertyValueSpecification","valueRequired":true,"valueName":"search_term_string"}}],"inLanguage":"es"},{"@type":"Organization","@id":"https:\/\/skingourmet.com\/#organization","name":"Piel Gourmet","url":"https:\/\/skingourmet.com\/","logo":{"@type":"ImageObject","inLanguage":"es","@id":"https:\/\/skingourmet.com\/#\/schema\/logo\/image\/","url":"https:\/\/skingourmet.com\/wp-content\/uploads\/2024\/09\/logo.webp","contentUrl":"https:\/\/skingourmet.com\/wp-content\/uploads\/2024\/09\/logo.webp","width":688,"height":200,"caption":"Skin Gourmet"},"image":{"@id":"https:\/\/skingourmet.com\/#\/schema\/logo\/image\/"},"sameAs":["https:\/\/www.facebook.com\/share\/1BhiN1f7rm\/?mibextid=wwXIfr","https:\/\/x.com\/skingourmet","https:\/\/www.instagram.com\/skingourmetgh"]}]}},"_links":{"self":[{"href":"https:\/\/skingourmet.com\/es\/wp-json\/wp\/v2\/pages\/499","targetHints":{"allow":["GET"]}}],"collection":[{"href":"https:\/\/skingourmet.com\/es\/wp-json\/wp\/v2\/pages"}],"about":[{"href":"https:\/\/skingourmet.com\/es\/wp-json\/wp\/v2\/types\/page"}],"author":[{"embeddable":true,"href":"https:\/\/skingourmet.com\/es\/wp-json\/wp\/v2\/users\/1"}],"replies":[{"embeddable":true,"href":"https:\/\/skingourmet.com\/es\/wp-json\/wp\/v2\/comments?post=499"}],"version-history":[{"count":10,"href":"https:\/\/skingourmet.com\/es\/wp-json\/wp\/v2\/pages\/499\/revisions"}],"predecessor-version":[{"id":619,"href":"https:\/\/skingourmet.com\/es\/wp-json\/wp\/v2\/pages\/499\/revisions\/619"}],"wp:attachment":[{"href":"https:\/\/skingourmet.com\/es\/wp-json\/wp\/v2\/media?parent=499"}],"curies":[{"name":"wp","href":"https:\/\/api.w.org\/{rel}","templated":true}]}}